{"id":248781,"date":"2025-01-22T14:36:05","date_gmt":"2025-01-22T14:36:05","guid":{"rendered":"https:\/\/wavvy.club\/?post_type=product&#038;p=248781"},"modified":"2025-01-22T21:59:23","modified_gmt":"2025-01-22T21:59:23","slug":"guia-de-miradores-en-el-parque-nacional-del-teide","status":"publish","type":"product","link":"https:\/\/wavvy.club\/en\/product\/guia-de-miradores-en-el-parque-nacional-del-teide\/","title":{"rendered":"Gu\u00eda de miradores en el Parque Nacional del Teide"},"content":{"rendered":"<p>\u00bfPlaneas visitar el Teide y no quieres perderte los mejores paisajes? Hemos preparado una lista descargable con los miradores imprescindibles del Parque Nacional del Teide, un espacio declarado Patrimonio de la Humanidad por la UNESCO.<br \/>\nQu\u00e9 incluye:<\/p>\n<ul>\n<li>Lista de los miradores m\u00e1s impresionantes.<\/li>\n<li>Recomendaciones para disfrutar de tu visita.<\/li>\n<li>Gu\u00eda de transporte p\u00fablico.<\/li>\n<\/ul>\n<p>Tenerife te espera con vistas de otro mundo. \u00a1Descarga tu gu\u00eda gratis y empieza a explorar el lado m\u00e1s espectacular de la isla!<\/p>","protected":false},"excerpt":{"rendered":"<p>\u00a1Descubre los mejores miradores del Parque Nacional del Teide!<br \/>\nDescarga gratis nuestra gu\u00eda y explora los puntos m\u00e1s espectaculares para disfrutar de las vistas \u00fanicas del Teide y su entorno. Perfecta para planificar tu pr\u00f3xima aventura en Tenerife.<\/p>","protected":false},"featured_media":248783,"comment_status":"open","ping_status":"closed","template":"","meta":{"_et_pb_use_builder":"","_et_pb_old_content":"","_et_gb_content_width":""},"product_brand":[],"product_cat":[137],"product_tag":[143,144,142,139,138,140,141],"class_list":{"0":"post-248781","1":"product","2":"type-product","3":"status-publish","4":"has-post-thumbnail","6":"product_cat-descargables","7":"product_tag-guia-de-miradores","8":"product_tag-guia-de-tenerife","9":"product_tag-islas-canarias","10":"product_tag-miradores-en-el-teide","11":"product_tag-miradores-en-tenerife","12":"product_tag-parque-nacional","13":"product_tag-parque-nacional-del-teide","15":"first","16":"instock","17":"downloadable","18":"shipping-taxable","19":"purchasable","20":"product-type-simple"},"yoast_head":"<!-- This site is optimized with the Yoast SEO plugin v27.4 - https:\/\/yoast.com\/product\/yoast-seo-wordpress\/ -->\n<title>Gu\u00eda de miradores en el Parque Nacional del Teide | Wavvy Club<\/title>\n<meta name=\"description\" content=\"\u00a1Descubre los mejores miradores del Parque Nacional del Teide!Descarga gratis nuestra gu\u00eda y explora los puntos m\u00e1s espectaculares para disfrutar de las vistas \u00fanicas del Teide y su entorno. Perfecta para planificar tu pr\u00f3xima aventura en Tenerife.\" \/>\n<meta name=\"robots\" content=\"index, follow, max-snippet:-1, max-image-preview:large, max-video-preview:-1\" \/>\n<link rel=\"canonical\" href=\"https:\/\/wavvy.club\/en\/product\/guia-de-miradores-en-el-parque-nacional-del-teide\/\" \/>\n<meta property=\"og:locale\" content=\"en_GB\" \/>\n<meta property=\"og:type\" content=\"article\" \/>\n<meta property=\"og:title\" content=\"Gu\u00eda de miradores en el Parque Nacional del Teide | Wavvy Club\" \/>\n<meta property=\"og:description\" content=\"\u00a1Descubre los mejores miradores del Parque Nacional del Teide!Descarga gratis nuestra gu\u00eda y explora los puntos m\u00e1s espectaculares para disfrutar de las vistas \u00fanicas del Teide y su entorno. Perfecta para planificar tu pr\u00f3xima aventura en Tenerife.\" \/>\n<meta property=\"og:url\" content=\"https:\/\/wavvy.club\/en\/product\/guia-de-miradores-en-el-parque-nacional-del-teide\/\" \/>\n<meta property=\"og:site_name\" content=\"Wavvy Club\" \/>\n<meta property=\"article:modified_time\" content=\"2025-01-22T21:59:23+00:00\" \/>\n<meta property=\"og:image\" content=\"https:\/\/wavvy.club\/wp-content\/uploads\/2025\/01\/FOTO-grande-WAVVYCLUB-ElTeide.jpg\" \/>\n\t<meta property=\"og:image:width\" content=\"1920\" \/>\n\t<meta property=\"og:image:height\" content=\"1080\" \/>\n\t<meta property=\"og:image:type\" content=\"image\/jpeg\" \/>\n<meta name=\"twitter:card\" content=\"summary_large_image\" \/>\n<meta name=\"twitter:label1\" content=\"Estimated reading time\" \/>\n\t<meta name=\"twitter:data1\" content=\"1 minute\" \/>\n<script type=\"application\/ld+json\" class=\"yoast-schema-graph\">{\"@context\":\"https:\\\/\\\/schema.org\",\"@graph\":[{\"@type\":\"WebPage\",\"@id\":\"https:\\\/\\\/wavvy.club\\\/producto\\\/guia-de-miradores-en-el-parque-nacional-del-teide\\\/\",\"url\":\"https:\\\/\\\/wavvy.club\\\/producto\\\/guia-de-miradores-en-el-parque-nacional-del-teide\\\/\",\"name\":\"Gu\u00eda de miradores en el Parque Nacional del Teide | Wavvy Club\",\"isPartOf\":{\"@id\":\"https:\\\/\\\/wavvy.club\\\/#website\"},\"primaryImageOfPage\":{\"@id\":\"https:\\\/\\\/wavvy.club\\\/producto\\\/guia-de-miradores-en-el-parque-nacional-del-teide\\\/#primaryimage\"},\"image\":{\"@id\":\"https:\\\/\\\/wavvy.club\\\/producto\\\/guia-de-miradores-en-el-parque-nacional-del-teide\\\/#primaryimage\"},\"thumbnailUrl\":\"https:\\\/\\\/wavvy.club\\\/wp-content\\\/uploads\\\/2025\\\/01\\\/FOTO-grande-WAVVYCLUB-ElTeide.jpg\",\"datePublished\":\"2025-01-22T14:36:05+00:00\",\"dateModified\":\"2025-01-22T21:59:23+00:00\",\"description\":\"\u00a1Descubre los mejores miradores del Parque Nacional del Teide!Descarga gratis nuestra gu\u00eda y explora los puntos m\u00e1s espectaculares para disfrutar de las vistas \u00fanicas del Teide y su entorno. Perfecta para planificar tu pr\u00f3xima aventura en Tenerife.\",\"breadcrumb\":{\"@id\":\"https:\\\/\\\/wavvy.club\\\/producto\\\/guia-de-miradores-en-el-parque-nacional-del-teide\\\/#breadcrumb\"},\"inLanguage\":\"en-GB\",\"potentialAction\":[{\"@type\":\"ReadAction\",\"target\":[\"https:\\\/\\\/wavvy.club\\\/producto\\\/guia-de-miradores-en-el-parque-nacional-del-teide\\\/\"]}]},{\"@type\":\"ImageObject\",\"inLanguage\":\"en-GB\",\"@id\":\"https:\\\/\\\/wavvy.club\\\/producto\\\/guia-de-miradores-en-el-parque-nacional-del-teide\\\/#primaryimage\",\"url\":\"https:\\\/\\\/wavvy.club\\\/wp-content\\\/uploads\\\/2025\\\/01\\\/FOTO-grande-WAVVYCLUB-ElTeide.jpg\",\"contentUrl\":\"https:\\\/\\\/wavvy.club\\\/wp-content\\\/uploads\\\/2025\\\/01\\\/FOTO-grande-WAVVYCLUB-ElTeide.jpg\",\"width\":800,\"height\":450,\"caption\":\"Vista de El Teide en Tenerife\"},{\"@type\":\"BreadcrumbList\",\"@id\":\"https:\\\/\\\/wavvy.club\\\/producto\\\/guia-de-miradores-en-el-parque-nacional-del-teide\\\/#breadcrumb\",\"itemListElement\":[{\"@type\":\"ListItem\",\"position\":1,\"name\":\"Portada\",\"item\":\"https:\\\/\\\/wavvy.club\\\/\"},{\"@type\":\"ListItem\",\"position\":2,\"name\":\"Tienda\",\"item\":\"https:\\\/\\\/wavvy.club\\\/en\\\/tienda\\\/\"},{\"@type\":\"ListItem\",\"position\":3,\"name\":\"Gu\u00eda de miradores en el Parque Nacional del Teide\"}]},{\"@type\":\"WebSite\",\"@id\":\"https:\\\/\\\/wavvy.club\\\/#website\",\"url\":\"https:\\\/\\\/wavvy.club\\\/\",\"name\":\"Wavvy Club\",\"description\":\"planifica tus vacaciones\",\"publisher\":{\"@id\":\"https:\\\/\\\/wavvy.club\\\/#organization\"},\"potentialAction\":[{\"@type\":\"SearchAction\",\"target\":{\"@type\":\"EntryPoint\",\"urlTemplate\":\"https:\\\/\\\/wavvy.club\\\/?s={search_term_string}\"},\"query-input\":{\"@type\":\"PropertyValueSpecification\",\"valueRequired\":true,\"valueName\":\"search_term_string\"}}],\"inLanguage\":\"en-GB\"},{\"@type\":\"Organization\",\"@id\":\"https:\\\/\\\/wavvy.club\\\/#organization\",\"name\":\"Wavvy Club\",\"url\":\"https:\\\/\\\/wavvy.club\\\/\",\"logo\":{\"@type\":\"ImageObject\",\"inLanguage\":\"en-GB\",\"@id\":\"https:\\\/\\\/wavvy.club\\\/#\\\/schema\\\/logo\\\/image\\\/\",\"url\":\"https:\\\/\\\/wavvy.club\\\/wp-content\\\/uploads\\\/2024\\\/08\\\/Wavvy-Club-Logo-Color.png\",\"contentUrl\":\"https:\\\/\\\/wavvy.club\\\/wp-content\\\/uploads\\\/2024\\\/08\\\/Wavvy-Club-Logo-Color.png\",\"width\":1080,\"height\":640,\"caption\":\"Wavvy Club\"},\"image\":{\"@id\":\"https:\\\/\\\/wavvy.club\\\/#\\\/schema\\\/logo\\\/image\\\/\"}}]}<\/script>\n<!-- \/ Yoast SEO plugin. -->","yoast_head_json":{"title":"Gu\u00eda de miradores en el Parque Nacional del Teide | Wavvy Club","description":"\u00a1Descubre los mejores miradores del Parque Nacional del Teide!Descarga gratis nuestra gu\u00eda y explora los puntos m\u00e1s espectaculares para disfrutar de las vistas \u00fanicas del Teide y su entorno. Perfecta para planificar tu pr\u00f3xima aventura en Tenerife.","robots":{"index":"index","follow":"follow","max-snippet":"max-snippet:-1","max-image-preview":"max-image-preview:large","max-video-preview":"max-video-preview:-1"},"canonical":"https:\/\/wavvy.club\/en\/product\/guia-de-miradores-en-el-parque-nacional-del-teide\/","og_locale":"en_GB","og_type":"article","og_title":"Gu\u00eda de miradores en el Parque Nacional del Teide | Wavvy Club","og_description":"\u00a1Descubre los mejores miradores del Parque Nacional del Teide!Descarga gratis nuestra gu\u00eda y explora los puntos m\u00e1s espectaculares para disfrutar de las vistas \u00fanicas del Teide y su entorno. Perfecta para planificar tu pr\u00f3xima aventura en Tenerife.","og_url":"https:\/\/wavvy.club\/en\/product\/guia-de-miradores-en-el-parque-nacional-del-teide\/","og_site_name":"Wavvy Club","article_modified_time":"2025-01-22T21:59:23+00:00","og_image":[{"width":1920,"height":1080,"url":"https:\/\/wavvy.club\/wp-content\/uploads\/2025\/01\/FOTO-grande-WAVVYCLUB-ElTeide.jpg","type":"image\/jpeg"}],"twitter_card":"summary_large_image","twitter_misc":{"Estimated reading time":"1 minute"},"schema":{"@context":"https:\/\/schema.org","@graph":[{"@type":"WebPage","@id":"https:\/\/wavvy.club\/producto\/guia-de-miradores-en-el-parque-nacional-del-teide\/","url":"https:\/\/wavvy.club\/producto\/guia-de-miradores-en-el-parque-nacional-del-teide\/","name":"Gu\u00eda de miradores en el Parque Nacional del Teide | Wavvy Club","isPartOf":{"@id":"https:\/\/wavvy.club\/#website"},"primaryImageOfPage":{"@id":"https:\/\/wavvy.club\/producto\/guia-de-miradores-en-el-parque-nacional-del-teide\/#primaryimage"},"image":{"@id":"https:\/\/wavvy.club\/producto\/guia-de-miradores-en-el-parque-nacional-del-teide\/#primaryimage"},"thumbnailUrl":"https:\/\/wavvy.club\/wp-content\/uploads\/2025\/01\/FOTO-grande-WAVVYCLUB-ElTeide.jpg","datePublished":"2025-01-22T14:36:05+00:00","dateModified":"2025-01-22T21:59:23+00:00","description":"\u00a1Descubre los mejores miradores del Parque Nacional del Teide!Descarga gratis nuestra gu\u00eda y explora los puntos m\u00e1s espectaculares para disfrutar de las vistas \u00fanicas del Teide y su entorno. Perfecta para planificar tu pr\u00f3xima aventura en Tenerife.","breadcrumb":{"@id":"https:\/\/wavvy.club\/producto\/guia-de-miradores-en-el-parque-nacional-del-teide\/#breadcrumb"},"inLanguage":"en-GB","potentialAction":[{"@type":"ReadAction","target":["https:\/\/wavvy.club\/producto\/guia-de-miradores-en-el-parque-nacional-del-teide\/"]}]},{"@type":"ImageObject","inLanguage":"en-GB","@id":"https:\/\/wavvy.club\/producto\/guia-de-miradores-en-el-parque-nacional-del-teide\/#primaryimage","url":"https:\/\/wavvy.club\/wp-content\/uploads\/2025\/01\/FOTO-grande-WAVVYCLUB-ElTeide.jpg","contentUrl":"https:\/\/wavvy.club\/wp-content\/uploads\/2025\/01\/FOTO-grande-WAVVYCLUB-ElTeide.jpg","width":800,"height":450,"caption":"Vista de El Teide en Tenerife"},{"@type":"BreadcrumbList","@id":"https:\/\/wavvy.club\/producto\/guia-de-miradores-en-el-parque-nacional-del-teide\/#breadcrumb","itemListElement":[{"@type":"ListItem","position":1,"name":"Portada","item":"https:\/\/wavvy.club\/"},{"@type":"ListItem","position":2,"name":"Tienda","item":"https:\/\/wavvy.club\/en\/tienda\/"},{"@type":"ListItem","position":3,"name":"Gu\u00eda de miradores en el Parque Nacional del Teide"}]},{"@type":"WebSite","@id":"https:\/\/wavvy.club\/#website","url":"https:\/\/wavvy.club\/","name":"Wavvy Club","description":"planifica tus vacaciones","publisher":{"@id":"https:\/\/wavvy.club\/#organization"},"potentialAction":[{"@type":"SearchAction","target":{"@type":"EntryPoint","urlTemplate":"https:\/\/wavvy.club\/?s={search_term_string}"},"query-input":{"@type":"PropertyValueSpecification","valueRequired":true,"valueName":"search_term_string"}}],"inLanguage":"en-GB"},{"@type":"Organization","@id":"https:\/\/wavvy.club\/#organization","name":"Wavvy Club","url":"https:\/\/wavvy.club\/","logo":{"@type":"ImageObject","inLanguage":"en-GB","@id":"https:\/\/wavvy.club\/#\/schema\/logo\/image\/","url":"https:\/\/wavvy.club\/wp-content\/uploads\/2024\/08\/Wavvy-Club-Logo-Color.png","contentUrl":"https:\/\/wavvy.club\/wp-content\/uploads\/2024\/08\/Wavvy-Club-Logo-Color.png","width":1080,"height":640,"caption":"Wavvy Club"},"image":{"@id":"https:\/\/wavvy.club\/#\/schema\/logo\/image\/"}}]}},"jetpack_sharing_enabled":true,"_links":{"self":[{"href":"https:\/\/wavvy.club\/en\/wp-json\/wp\/v2\/product\/248781","targetHints":{"allow":["GET"]}}],"collection":[{"href":"https:\/\/wavvy.club\/en\/wp-json\/wp\/v2\/product"}],"about":[{"href":"https:\/\/wavvy.club\/en\/wp-json\/wp\/v2\/types\/product"}],"replies":[{"embeddable":true,"href":"https:\/\/wavvy.club\/en\/wp-json\/wp\/v2\/comments?post=248781"}],"wp:featuredmedia":[{"embeddable":true,"href":"https:\/\/wavvy.club\/en\/wp-json\/wp\/v2\/media\/248783"}],"wp:attachment":[{"href":"https:\/\/wavvy.club\/en\/wp-json\/wp\/v2\/media?parent=248781"}],"wp:term":[{"taxonomy":"product_brand","embeddable":true,"href":"https:\/\/wavvy.club\/en\/wp-json\/wp\/v2\/product_brand?post=248781"},{"taxonomy":"product_cat","embeddable":true,"href":"https:\/\/wavvy.club\/en\/wp-json\/wp\/v2\/product_cat?post=248781"},{"taxonomy":"product_tag","embeddable":true,"href":"https:\/\/wavvy.club\/en\/wp-json\/wp\/v2\/product_tag?post=248781"}],"curies":[{"name":"wp","href":"https:\/\/api.w.org\/{rel}","templated":true}]}}