{"id":248484,"date":"2025-01-04T20:17:32","date_gmt":"2025-01-04T20:17:32","guid":{"rendered":"https:\/\/wavvy.club\/?post_type=product&#038;p=248484"},"modified":"2025-01-04T20:48:51","modified_gmt":"2025-01-04T20:48:51","slug":"excursion-a-caballo","status":"publish","type":"product","link":"https:\/\/wavvy.club\/en\/product\/excursion-a-caballo\/","title":{"rendered":"Excursi\u00f3n a caballo"},"content":{"rendered":"<p>Descubre Tenerife de una manera \u00fanica con nuestros paseos a caballo, una experiencia perfecta para los amantes de la naturaleza y los animales. Dise\u00f1ados para adaptarse a todos los niveles, estos paseos te permitir\u00e1n disfrutar de impresionantes paisajes mientras conectas con la tranquilidad de la isla.<\/p>\n<p>Todo el material necesario para la actividad est\u00e1 incluido, y la experiencia est\u00e1 dise\u00f1ada para garantizar tu comodidad y seguridad.<br \/>\nPuedes elegir entre un paseo de 1 hora por una ruta volc\u00e1nica \u00f3 la excusi\u00f3n de 2 horas por la costa.<\/p>\n<p>Vive un momento especial en plena naturaleza y crea recuerdos inolvidables.<\/p>\n<p><strong>\u00a1\u00a1 Reserva ahora tu paseo a caballo !!<\/strong><\/p>","protected":false},"excerpt":{"rendered":"<p>Descubre Tenerife de una manera \u00fanica con nuestros paseos a caballo, una experiencia perfecta para los amantes de la naturaleza y los animales. Dise\u00f1ados para adaptarse a todos los niveles, estos paseos te permitir\u00e1n disfrutar de impresionantes paisajes mientras conectas con la tranquilidad de la isla.<\/p>","protected":false},"featured_media":248491,"comment_status":"open","ping_status":"closed","template":"","meta":{"_et_pb_use_builder":"","_et_pb_old_content":"","_et_gb_content_width":""},"product_brand":[],"product_cat":[66],"product_tag":[116,127,128],"class_list":{"0":"post-248484","1":"product","2":"type-product","3":"status-publish","4":"has-post-thumbnail","6":"product_cat-tours-visitas-turisticas","7":"product_tag-excursion","8":"product_tag-hipica","9":"product_tag-paseo-a-caballo","11":"first","12":"instock","13":"sale","14":"shipping-taxable","15":"purchasable","16":"product-type-variable"},"yoast_head":"<!-- This site is optimized with the Yoast SEO plugin v27.4 - https:\/\/yoast.com\/product\/yoast-seo-wordpress\/ -->\n<title>Excursi\u00f3n a caballo | Wavvy Club<\/title>\n<meta name=\"robots\" content=\"index, follow, max-snippet:-1, max-image-preview:large, max-video-preview:-1\" \/>\n<link rel=\"canonical\" href=\"https:\/\/wavvy.club\/en\/product\/excursion-a-caballo\/\" \/>\n<meta property=\"og:locale\" content=\"en_GB\" \/>\n<meta property=\"og:type\" content=\"article\" \/>\n<meta property=\"og:title\" content=\"Excursi\u00f3n a caballo | Wavvy Club\" \/>\n<meta property=\"og:description\" content=\"Descubre Tenerife de una manera \u00fanica con nuestros paseos a caballo, una experiencia perfecta para los amantes de la naturaleza y los animales. Dise\u00f1ados para adaptarse a todos los niveles, estos paseos te permitir\u00e1n disfrutar de impresionantes paisajes mientras conectas con la tranquilidad de la isla.\" \/>\n<meta property=\"og:url\" content=\"https:\/\/wavvy.club\/en\/product\/excursion-a-caballo\/\" \/>\n<meta property=\"og:site_name\" content=\"Wavvy Club\" \/>\n<meta property=\"article:modified_time\" content=\"2025-01-04T20:48:51+00:00\" \/>\n<meta property=\"og:image\" content=\"https:\/\/wavvy.club\/wp-content\/uploads\/2025\/01\/paseo-a-caballo-5.jpg\" \/>\n\t<meta property=\"og:image:width\" content=\"1920\" \/>\n\t<meta property=\"og:image:height\" content=\"1080\" \/>\n\t<meta property=\"og:image:type\" content=\"image\/jpeg\" \/>\n<meta name=\"twitter:card\" content=\"summary_large_image\" \/>\n<meta name=\"twitter:label1\" content=\"Estimated reading time\" \/>\n\t<meta name=\"twitter:data1\" content=\"1 minute\" \/>\n<script type=\"application\/ld+json\" class=\"yoast-schema-graph\">{\"@context\":\"https:\\\/\\\/schema.org\",\"@graph\":[{\"@type\":\"WebPage\",\"@id\":\"https:\\\/\\\/wavvy.club\\\/en\\\/product\\\/excursion-a-caballo\\\/\",\"url\":\"https:\\\/\\\/wavvy.club\\\/en\\\/product\\\/excursion-a-caballo\\\/\",\"name\":\"Excursi\u00f3n a caballo | Wavvy Club\",\"isPartOf\":{\"@id\":\"https:\\\/\\\/wavvy.club\\\/#website\"},\"primaryImageOfPage\":{\"@id\":\"https:\\\/\\\/wavvy.club\\\/en\\\/product\\\/excursion-a-caballo\\\/#primaryimage\"},\"image\":{\"@id\":\"https:\\\/\\\/wavvy.club\\\/en\\\/product\\\/excursion-a-caballo\\\/#primaryimage\"},\"thumbnailUrl\":\"https:\\\/\\\/wavvy.club\\\/wp-content\\\/uploads\\\/2025\\\/01\\\/paseo-a-caballo-5.jpg\",\"datePublished\":\"2025-01-04T20:17:32+00:00\",\"dateModified\":\"2025-01-04T20:48:51+00:00\",\"breadcrumb\":{\"@id\":\"https:\\\/\\\/wavvy.club\\\/en\\\/product\\\/excursion-a-caballo\\\/#breadcrumb\"},\"inLanguage\":\"en-GB\",\"potentialAction\":[{\"@type\":\"ReadAction\",\"target\":[\"https:\\\/\\\/wavvy.club\\\/en\\\/product\\\/excursion-a-caballo\\\/\"]}]},{\"@type\":\"ImageObject\",\"inLanguage\":\"en-GB\",\"@id\":\"https:\\\/\\\/wavvy.club\\\/en\\\/product\\\/excursion-a-caballo\\\/#primaryimage\",\"url\":\"https:\\\/\\\/wavvy.club\\\/wp-content\\\/uploads\\\/2025\\\/01\\\/paseo-a-caballo-5.jpg\",\"contentUrl\":\"https:\\\/\\\/wavvy.club\\\/wp-content\\\/uploads\\\/2025\\\/01\\\/paseo-a-caballo-5.jpg\",\"width\":800,\"height\":450,\"caption\":\"Excursi\u00f3n a caballo en Tenerife\"},{\"@type\":\"BreadcrumbList\",\"@id\":\"https:\\\/\\\/wavvy.club\\\/en\\\/product\\\/excursion-a-caballo\\\/#breadcrumb\",\"itemListElement\":[{\"@type\":\"ListItem\",\"position\":1,\"name\":\"Portada\",\"item\":\"https:\\\/\\\/wavvy.club\\\/\"},{\"@type\":\"ListItem\",\"position\":2,\"name\":\"Tienda\",\"item\":\"https:\\\/\\\/wavvy.club\\\/en\\\/tienda\\\/\"},{\"@type\":\"ListItem\",\"position\":3,\"name\":\"Excursi\u00f3n a caballo\"}]},{\"@type\":\"WebSite\",\"@id\":\"https:\\\/\\\/wavvy.club\\\/#website\",\"url\":\"https:\\\/\\\/wavvy.club\\\/\",\"name\":\"Wavvy Club\",\"description\":\"planifica tus vacaciones\",\"publisher\":{\"@id\":\"https:\\\/\\\/wavvy.club\\\/#organization\"},\"potentialAction\":[{\"@type\":\"SearchAction\",\"target\":{\"@type\":\"EntryPoint\",\"urlTemplate\":\"https:\\\/\\\/wavvy.club\\\/?s={search_term_string}\"},\"query-input\":{\"@type\":\"PropertyValueSpecification\",\"valueRequired\":true,\"valueName\":\"search_term_string\"}}],\"inLanguage\":\"en-GB\"},{\"@type\":\"Organization\",\"@id\":\"https:\\\/\\\/wavvy.club\\\/#organization\",\"name\":\"Wavvy Club\",\"url\":\"https:\\\/\\\/wavvy.club\\\/\",\"logo\":{\"@type\":\"ImageObject\",\"inLanguage\":\"en-GB\",\"@id\":\"https:\\\/\\\/wavvy.club\\\/#\\\/schema\\\/logo\\\/image\\\/\",\"url\":\"https:\\\/\\\/wavvy.club\\\/wp-content\\\/uploads\\\/2024\\\/08\\\/Wavvy-Club-Logo-Color.png\",\"contentUrl\":\"https:\\\/\\\/wavvy.club\\\/wp-content\\\/uploads\\\/2024\\\/08\\\/Wavvy-Club-Logo-Color.png\",\"width\":1080,\"height\":640,\"caption\":\"Wavvy Club\"},\"image\":{\"@id\":\"https:\\\/\\\/wavvy.club\\\/#\\\/schema\\\/logo\\\/image\\\/\"}}]}<\/script>\n<!-- \/ Yoast SEO plugin. -->","yoast_head_json":{"title":"Excursi\u00f3n a caballo | Wavvy Club","robots":{"index":"index","follow":"follow","max-snippet":"max-snippet:-1","max-image-preview":"max-image-preview:large","max-video-preview":"max-video-preview:-1"},"canonical":"https:\/\/wavvy.club\/en\/product\/excursion-a-caballo\/","og_locale":"en_GB","og_type":"article","og_title":"Excursi\u00f3n a caballo | Wavvy Club","og_description":"Descubre Tenerife de una manera \u00fanica con nuestros paseos a caballo, una experiencia perfecta para los amantes de la naturaleza y los animales. Dise\u00f1ados para adaptarse a todos los niveles, estos paseos te permitir\u00e1n disfrutar de impresionantes paisajes mientras conectas con la tranquilidad de la isla.","og_url":"https:\/\/wavvy.club\/en\/product\/excursion-a-caballo\/","og_site_name":"Wavvy Club","article_modified_time":"2025-01-04T20:48:51+00:00","og_image":[{"width":1920,"height":1080,"url":"https:\/\/wavvy.club\/wp-content\/uploads\/2025\/01\/paseo-a-caballo-5.jpg","type":"image\/jpeg"}],"twitter_card":"summary_large_image","twitter_misc":{"Estimated reading time":"1 minute"},"schema":{"@context":"https:\/\/schema.org","@graph":[{"@type":"WebPage","@id":"https:\/\/wavvy.club\/en\/product\/excursion-a-caballo\/","url":"https:\/\/wavvy.club\/en\/product\/excursion-a-caballo\/","name":"Excursi\u00f3n a caballo | Wavvy Club","isPartOf":{"@id":"https:\/\/wavvy.club\/#website"},"primaryImageOfPage":{"@id":"https:\/\/wavvy.club\/en\/product\/excursion-a-caballo\/#primaryimage"},"image":{"@id":"https:\/\/wavvy.club\/en\/product\/excursion-a-caballo\/#primaryimage"},"thumbnailUrl":"https:\/\/wavvy.club\/wp-content\/uploads\/2025\/01\/paseo-a-caballo-5.jpg","datePublished":"2025-01-04T20:17:32+00:00","dateModified":"2025-01-04T20:48:51+00:00","breadcrumb":{"@id":"https:\/\/wavvy.club\/en\/product\/excursion-a-caballo\/#breadcrumb"},"inLanguage":"en-GB","potentialAction":[{"@type":"ReadAction","target":["https:\/\/wavvy.club\/en\/product\/excursion-a-caballo\/"]}]},{"@type":"ImageObject","inLanguage":"en-GB","@id":"https:\/\/wavvy.club\/en\/product\/excursion-a-caballo\/#primaryimage","url":"https:\/\/wavvy.club\/wp-content\/uploads\/2025\/01\/paseo-a-caballo-5.jpg","contentUrl":"https:\/\/wavvy.club\/wp-content\/uploads\/2025\/01\/paseo-a-caballo-5.jpg","width":800,"height":450,"caption":"Excursi\u00f3n a caballo en Tenerife"},{"@type":"BreadcrumbList","@id":"https:\/\/wavvy.club\/en\/product\/excursion-a-caballo\/#breadcrumb","itemListElement":[{"@type":"ListItem","position":1,"name":"Portada","item":"https:\/\/wavvy.club\/"},{"@type":"ListItem","position":2,"name":"Tienda","item":"https:\/\/wavvy.club\/en\/tienda\/"},{"@type":"ListItem","position":3,"name":"Excursi\u00f3n a caballo"}]},{"@type":"WebSite","@id":"https:\/\/wavvy.club\/#website","url":"https:\/\/wavvy.club\/","name":"Wavvy Club","description":"planifica tus vacaciones","publisher":{"@id":"https:\/\/wavvy.club\/#organization"},"potentialAction":[{"@type":"SearchAction","target":{"@type":"EntryPoint","urlTemplate":"https:\/\/wavvy.club\/?s={search_term_string}"},"query-input":{"@type":"PropertyValueSpecification","valueRequired":true,"valueName":"search_term_string"}}],"inLanguage":"en-GB"},{"@type":"Organization","@id":"https:\/\/wavvy.club\/#organization","name":"Wavvy Club","url":"https:\/\/wavvy.club\/","logo":{"@type":"ImageObject","inLanguage":"en-GB","@id":"https:\/\/wavvy.club\/#\/schema\/logo\/image\/","url":"https:\/\/wavvy.club\/wp-content\/uploads\/2024\/08\/Wavvy-Club-Logo-Color.png","contentUrl":"https:\/\/wavvy.club\/wp-content\/uploads\/2024\/08\/Wavvy-Club-Logo-Color.png","width":1080,"height":640,"caption":"Wavvy Club"},"image":{"@id":"https:\/\/wavvy.club\/#\/schema\/logo\/image\/"}}]}},"jetpack_sharing_enabled":true,"_links":{"self":[{"href":"https:\/\/wavvy.club\/en\/wp-json\/wp\/v2\/product\/248484","targetHints":{"allow":["GET"]}}],"collection":[{"href":"https:\/\/wavvy.club\/en\/wp-json\/wp\/v2\/product"}],"about":[{"href":"https:\/\/wavvy.club\/en\/wp-json\/wp\/v2\/types\/product"}],"replies":[{"embeddable":true,"href":"https:\/\/wavvy.club\/en\/wp-json\/wp\/v2\/comments?post=248484"}],"wp:featuredmedia":[{"embeddable":true,"href":"https:\/\/wavvy.club\/en\/wp-json\/wp\/v2\/media\/248491"}],"wp:attachment":[{"href":"https:\/\/wavvy.club\/en\/wp-json\/wp\/v2\/media?parent=248484"}],"wp:term":[{"taxonomy":"product_brand","embeddable":true,"href":"https:\/\/wavvy.club\/en\/wp-json\/wp\/v2\/product_brand?post=248484"},{"taxonomy":"product_cat","embeddable":true,"href":"https:\/\/wavvy.club\/en\/wp-json\/wp\/v2\/product_cat?post=248484"},{"taxonomy":"product_tag","embeddable":true,"href":"https:\/\/wavvy.club\/en\/wp-json\/wp\/v2\/product_tag?post=248484"}],"curies":[{"name":"wp","href":"https:\/\/api.w.org\/{rel}","templated":true}]}}