{"id":2418,"date":"2024-07-21T18:57:27","date_gmt":"2024-07-21T17:57:27","guid":{"rendered":"https:\/\/wavvy.club\/?post_type=product&#038;p=2418"},"modified":"2025-05-06T18:04:21","modified_gmt":"2025-05-06T17:04:21","slug":"paseo-en-barco-en-tenerife-barco-h2","status":"publish","type":"product","link":"https:\/\/wavvy.club\/en\/product\/paseo-en-barco-en-tenerife-barco-h2\/","title":{"rendered":"Paseo en barco en Tenerife &#8211; Barco H2"},"content":{"rendered":"<p>Disfruta de una excursi\u00f3n por el Atl\u00e1ntico.<\/p>\n<p>Con salida desde Puerto Colon, podr\u00e1s contemplar la costa sur de la isla en una excursi\u00f3n de 3 o 6 horas con parada para hacer snorkel y tomar un aperitivo.<\/p>\n<p>Este barco tiene capacidad de hasta 8 personas, donde puedes disfrutar de una excursi\u00f3n privada con tus familiares y amigos \u00f3 compartir la experiencia.<\/p>","protected":false},"excerpt":{"rendered":"<p>\u00a1Emb\u00e1rcate en una incre\u00edble aventura de 3 o 6 horas por el Atl\u00e1ntico, con comida y bebida, snorkel y capacidad para 8 personas!<\/p>\n<p>Book now and live an unforgettable experience!<\/p>","protected":false},"featured_media":249411,"comment_status":"open","ping_status":"closed","template":"","meta":{"_et_pb_use_builder":"","_et_pb_old_content":"","_et_gb_content_width":""},"product_brand":[],"product_cat":[64],"product_tag":[78,100,103],"class_list":{"0":"post-2418","1":"product","2":"type-product","3":"status-publish","4":"has-post-thumbnail","6":"product_cat-barcos-yates","7":"product_tag-barco","8":"product_tag-barcos","9":"product_tag-paseo-en-barco","11":"first","12":"instock","13":"sale","14":"shipping-taxable","15":"purchasable","16":"product-type-variable"},"yoast_head":"<!-- This site is optimized with the Yoast SEO plugin v27.4 - https:\/\/yoast.com\/product\/yoast-seo-wordpress\/ -->\n<title>Paseo en barco en Tenerife - Barco H2 | Wavvy Club<\/title>\n<meta name=\"robots\" content=\"index, follow, max-snippet:-1, max-image-preview:large, max-video-preview:-1\" \/>\n<link rel=\"canonical\" href=\"https:\/\/wavvy.club\/en\/product\/paseo-en-barco-en-tenerife-barco-h2\/\" \/>\n<meta property=\"og:locale\" content=\"en_GB\" \/>\n<meta property=\"og:type\" content=\"article\" \/>\n<meta property=\"og:title\" content=\"Paseo en barco en Tenerife - Barco H2 | Wavvy Club\" \/>\n<meta property=\"og:description\" content=\"\u00a1Emb\u00e1rcate en una incre\u00edble aventura de 3 o 6 horas por el Atl\u00e1ntico, con comida y bebida, snorkel y capacidad para 8 personas!  \u00a1Reserva ahora y vive una experiencia inolvidable!\" \/>\n<meta property=\"og:url\" content=\"https:\/\/wavvy.club\/en\/product\/paseo-en-barco-en-tenerife-barco-h2\/\" \/>\n<meta property=\"og:site_name\" content=\"Wavvy Club\" \/>\n<meta property=\"article:modified_time\" content=\"2025-05-06T17:04:21+00:00\" \/>\n<meta property=\"og:image\" content=\"https:\/\/wavvy.club\/wp-content\/uploads\/2024\/07\/barco-h2-5.webp\" \/>\n\t<meta property=\"og:image:width\" content=\"2048\" \/>\n\t<meta property=\"og:image:height\" content=\"1365\" \/>\n\t<meta property=\"og:image:type\" content=\"image\/webp\" \/>\n<meta name=\"twitter:card\" content=\"summary_large_image\" \/>\n<meta name=\"twitter:label1\" content=\"Estimated reading time\" \/>\n\t<meta name=\"twitter:data1\" content=\"1 minute\" \/>\n<script type=\"application\/ld+json\" class=\"yoast-schema-graph\">{\"@context\":\"https:\\\/\\\/schema.org\",\"@graph\":[{\"@type\":\"WebPage\",\"@id\":\"https:\\\/\\\/wavvy.club\\\/producto\\\/paseo-en-barco-en-tenerife-barco-h2\\\/\",\"url\":\"https:\\\/\\\/wavvy.club\\\/producto\\\/paseo-en-barco-en-tenerife-barco-h2\\\/\",\"name\":\"Paseo en barco en Tenerife - Barco H2 | Wavvy Club\",\"isPartOf\":{\"@id\":\"https:\\\/\\\/wavvy.club\\\/#website\"},\"primaryImageOfPage\":{\"@id\":\"https:\\\/\\\/wavvy.club\\\/producto\\\/paseo-en-barco-en-tenerife-barco-h2\\\/#primaryimage\"},\"image\":{\"@id\":\"https:\\\/\\\/wavvy.club\\\/producto\\\/paseo-en-barco-en-tenerife-barco-h2\\\/#primaryimage\"},\"thumbnailUrl\":\"https:\\\/\\\/wavvy.club\\\/wp-content\\\/uploads\\\/2024\\\/07\\\/barco-h2-5.webp\",\"datePublished\":\"2024-07-21T17:57:27+00:00\",\"dateModified\":\"2025-05-06T17:04:21+00:00\",\"breadcrumb\":{\"@id\":\"https:\\\/\\\/wavvy.club\\\/producto\\\/paseo-en-barco-en-tenerife-barco-h2\\\/#breadcrumb\"},\"inLanguage\":\"en-GB\",\"potentialAction\":[{\"@type\":\"ReadAction\",\"target\":[\"https:\\\/\\\/wavvy.club\\\/producto\\\/paseo-en-barco-en-tenerife-barco-h2\\\/\"]}]},{\"@type\":\"ImageObject\",\"inLanguage\":\"en-GB\",\"@id\":\"https:\\\/\\\/wavvy.club\\\/producto\\\/paseo-en-barco-en-tenerife-barco-h2\\\/#primaryimage\",\"url\":\"https:\\\/\\\/wavvy.club\\\/wp-content\\\/uploads\\\/2024\\\/07\\\/barco-h2-5.webp\",\"contentUrl\":\"https:\\\/\\\/wavvy.club\\\/wp-content\\\/uploads\\\/2024\\\/07\\\/barco-h2-5.webp\",\"width\":2048,\"height\":1365,\"caption\":\"excursion en barco en tenerife\"},{\"@type\":\"BreadcrumbList\",\"@id\":\"https:\\\/\\\/wavvy.club\\\/producto\\\/paseo-en-barco-en-tenerife-barco-h2\\\/#breadcrumb\",\"itemListElement\":[{\"@type\":\"ListItem\",\"position\":1,\"name\":\"Portada\",\"item\":\"https:\\\/\\\/wavvy.club\\\/\"},{\"@type\":\"ListItem\",\"position\":2,\"name\":\"Tienda\",\"item\":\"https:\\\/\\\/wavvy.club\\\/en\\\/tienda\\\/\"},{\"@type\":\"ListItem\",\"position\":3,\"name\":\"Paseo en barco en Tenerife &#8211; Barco H2\"}]},{\"@type\":\"WebSite\",\"@id\":\"https:\\\/\\\/wavvy.club\\\/#website\",\"url\":\"https:\\\/\\\/wavvy.club\\\/\",\"name\":\"Wavvy Club\",\"description\":\"planifica tus vacaciones\",\"publisher\":{\"@id\":\"https:\\\/\\\/wavvy.club\\\/#organization\"},\"potentialAction\":[{\"@type\":\"SearchAction\",\"target\":{\"@type\":\"EntryPoint\",\"urlTemplate\":\"https:\\\/\\\/wavvy.club\\\/?s={search_term_string}\"},\"query-input\":{\"@type\":\"PropertyValueSpecification\",\"valueRequired\":true,\"valueName\":\"search_term_string\"}}],\"inLanguage\":\"en-GB\"},{\"@type\":\"Organization\",\"@id\":\"https:\\\/\\\/wavvy.club\\\/#organization\",\"name\":\"Wavvy Club\",\"url\":\"https:\\\/\\\/wavvy.club\\\/\",\"logo\":{\"@type\":\"ImageObject\",\"inLanguage\":\"en-GB\",\"@id\":\"https:\\\/\\\/wavvy.club\\\/#\\\/schema\\\/logo\\\/image\\\/\",\"url\":\"https:\\\/\\\/wavvy.club\\\/wp-content\\\/uploads\\\/2024\\\/08\\\/Wavvy-Club-Logo-Color.png\",\"contentUrl\":\"https:\\\/\\\/wavvy.club\\\/wp-content\\\/uploads\\\/2024\\\/08\\\/Wavvy-Club-Logo-Color.png\",\"width\":1080,\"height\":640,\"caption\":\"Wavvy Club\"},\"image\":{\"@id\":\"https:\\\/\\\/wavvy.club\\\/#\\\/schema\\\/logo\\\/image\\\/\"}}]}<\/script>\n<!-- \/ Yoast SEO plugin. -->","yoast_head_json":{"title":"Paseo en barco en Tenerife - Barco H2 | Wavvy Club","robots":{"index":"index","follow":"follow","max-snippet":"max-snippet:-1","max-image-preview":"max-image-preview:large","max-video-preview":"max-video-preview:-1"},"canonical":"https:\/\/wavvy.club\/en\/product\/paseo-en-barco-en-tenerife-barco-h2\/","og_locale":"en_GB","og_type":"article","og_title":"Paseo en barco en Tenerife - Barco H2 | Wavvy Club","og_description":"\u00a1Emb\u00e1rcate en una incre\u00edble aventura de 3 o 6 horas por el Atl\u00e1ntico, con comida y bebida, snorkel y capacidad para 8 personas!  \u00a1Reserva ahora y vive una experiencia inolvidable!","og_url":"https:\/\/wavvy.club\/en\/product\/paseo-en-barco-en-tenerife-barco-h2\/","og_site_name":"Wavvy Club","article_modified_time":"2025-05-06T17:04:21+00:00","og_image":[{"width":2048,"height":1365,"url":"https:\/\/wavvy.club\/wp-content\/uploads\/2024\/07\/barco-h2-5.webp","type":"image\/webp"}],"twitter_card":"summary_large_image","twitter_misc":{"Estimated reading time":"1 minute"},"schema":{"@context":"https:\/\/schema.org","@graph":[{"@type":"WebPage","@id":"https:\/\/wavvy.club\/producto\/paseo-en-barco-en-tenerife-barco-h2\/","url":"https:\/\/wavvy.club\/producto\/paseo-en-barco-en-tenerife-barco-h2\/","name":"Paseo en barco en Tenerife - Barco H2 | Wavvy Club","isPartOf":{"@id":"https:\/\/wavvy.club\/#website"},"primaryImageOfPage":{"@id":"https:\/\/wavvy.club\/producto\/paseo-en-barco-en-tenerife-barco-h2\/#primaryimage"},"image":{"@id":"https:\/\/wavvy.club\/producto\/paseo-en-barco-en-tenerife-barco-h2\/#primaryimage"},"thumbnailUrl":"https:\/\/wavvy.club\/wp-content\/uploads\/2024\/07\/barco-h2-5.webp","datePublished":"2024-07-21T17:57:27+00:00","dateModified":"2025-05-06T17:04:21+00:00","breadcrumb":{"@id":"https:\/\/wavvy.club\/producto\/paseo-en-barco-en-tenerife-barco-h2\/#breadcrumb"},"inLanguage":"en-GB","potentialAction":[{"@type":"ReadAction","target":["https:\/\/wavvy.club\/producto\/paseo-en-barco-en-tenerife-barco-h2\/"]}]},{"@type":"ImageObject","inLanguage":"en-GB","@id":"https:\/\/wavvy.club\/producto\/paseo-en-barco-en-tenerife-barco-h2\/#primaryimage","url":"https:\/\/wavvy.club\/wp-content\/uploads\/2024\/07\/barco-h2-5.webp","contentUrl":"https:\/\/wavvy.club\/wp-content\/uploads\/2024\/07\/barco-h2-5.webp","width":2048,"height":1365,"caption":"excursion en barco en tenerife"},{"@type":"BreadcrumbList","@id":"https:\/\/wavvy.club\/producto\/paseo-en-barco-en-tenerife-barco-h2\/#breadcrumb","itemListElement":[{"@type":"ListItem","position":1,"name":"Portada","item":"https:\/\/wavvy.club\/"},{"@type":"ListItem","position":2,"name":"Tienda","item":"https:\/\/wavvy.club\/en\/tienda\/"},{"@type":"ListItem","position":3,"name":"Paseo en barco en Tenerife &#8211; Barco H2"}]},{"@type":"WebSite","@id":"https:\/\/wavvy.club\/#website","url":"https:\/\/wavvy.club\/","name":"Wavvy Club","description":"planifica tus vacaciones","publisher":{"@id":"https:\/\/wavvy.club\/#organization"},"potentialAction":[{"@type":"SearchAction","target":{"@type":"EntryPoint","urlTemplate":"https:\/\/wavvy.club\/?s={search_term_string}"},"query-input":{"@type":"PropertyValueSpecification","valueRequired":true,"valueName":"search_term_string"}}],"inLanguage":"en-GB"},{"@type":"Organization","@id":"https:\/\/wavvy.club\/#organization","name":"Wavvy Club","url":"https:\/\/wavvy.club\/","logo":{"@type":"ImageObject","inLanguage":"en-GB","@id":"https:\/\/wavvy.club\/#\/schema\/logo\/image\/","url":"https:\/\/wavvy.club\/wp-content\/uploads\/2024\/08\/Wavvy-Club-Logo-Color.png","contentUrl":"https:\/\/wavvy.club\/wp-content\/uploads\/2024\/08\/Wavvy-Club-Logo-Color.png","width":1080,"height":640,"caption":"Wavvy Club"},"image":{"@id":"https:\/\/wavvy.club\/#\/schema\/logo\/image\/"}}]}},"jetpack_sharing_enabled":true,"_links":{"self":[{"href":"https:\/\/wavvy.club\/en\/wp-json\/wp\/v2\/product\/2418","targetHints":{"allow":["GET"]}}],"collection":[{"href":"https:\/\/wavvy.club\/en\/wp-json\/wp\/v2\/product"}],"about":[{"href":"https:\/\/wavvy.club\/en\/wp-json\/wp\/v2\/types\/product"}],"replies":[{"embeddable":true,"href":"https:\/\/wavvy.club\/en\/wp-json\/wp\/v2\/comments?post=2418"}],"wp:featuredmedia":[{"embeddable":true,"href":"https:\/\/wavvy.club\/en\/wp-json\/wp\/v2\/media\/249411"}],"wp:attachment":[{"href":"https:\/\/wavvy.club\/en\/wp-json\/wp\/v2\/media?parent=2418"}],"wp:term":[{"taxonomy":"product_brand","embeddable":true,"href":"https:\/\/wavvy.club\/en\/wp-json\/wp\/v2\/product_brand?post=2418"},{"taxonomy":"product_cat","embeddable":true,"href":"https:\/\/wavvy.club\/en\/wp-json\/wp\/v2\/product_cat?post=2418"},{"taxonomy":"product_tag","embeddable":true,"href":"https:\/\/wavvy.club\/en\/wp-json\/wp\/v2\/product_tag?post=2418"}],"curies":[{"name":"wp","href":"https:\/\/api.w.org\/{rel}","templated":true}]}}