{"id":1766,"date":"2024-06-21T18:58:42","date_gmt":"2024-06-21T17:58:42","guid":{"rendered":"https:\/\/wavvy.club\/?post_type=product&#038;p=1766"},"modified":"2025-01-04T19:46:41","modified_gmt":"2025-01-04T19:46:41","slug":"yoga","status":"publish","type":"product","link":"https:\/\/wavvy.club\/en\/product\/yoga\/","title":{"rendered":"Yoga"},"content":{"rendered":"<p>[et_pb_section fb_built=\u00bb1&#8243; _builder_version=\u00bb4.16&#8243; background_color=\u00bbrgba(255, 255, 255, 0)\u00bb custom_padding=\u00bb0px||||false|false\u00bb global_colors_info=\u00bb{}\u00bb][et_pb_row _builder_version=\u00bb4.16&#8243; background_size=\u00bbinitial\u00bb background_position=\u00bbtop_left\u00bb background_repeat=\u00bbrepeat\u00bb width=\u00bb100%\u00bb custom_padding=\u00bb0px||0px||false|false\u00bb global_colors_info=\u00bb{}\u00bb][et_pb_column type=\u00bb4_4&#8243; _builder_version=\u00bb4.16&#8243; custom_padding=\u00bb|||\u00bb global_colors_info=\u00bb{}\u00bb custom_padding__hover=\u00bb|||\u00bb][et_pb_wc_breadcrumb _builder_version=\u00bb4.16&#8243; global_colors_info=\u00bb{}\u00bb][\/et_pb_wc_breadcrumb][et_pb_wc_cart_notice _builder_version=\u00bb4.16&#8243; global_colors_info=\u00bb{}\u00bb][\/et_pb_wc_cart_notice][\/et_pb_column][\/et_pb_row][et_pb_row column_structure=\u00bb1_2,1_2&#8243; _builder_version=\u00bb4.16&#8243; background_size=\u00bbinitial\u00bb background_position=\u00bbtop_left\u00bb background_repeat=\u00bbrepeat\u00bb width=\u00bb100%\u00bb custom_padding=\u00bb0px||||false|false\u00bb global_colors_info=\u00bb{}\u00bb][et_pb_column type=\u00bb1_2&#8243; _builder_version=\u00bb4.16&#8243; custom_padding=\u00bb|||\u00bb global_colors_info=\u00bb{}\u00bb custom_padding__hover=\u00bb|||\u00bb][et_pb_wc_images _builder_version=\u00bb4.16&#8243; global_colors_info=\u00bb{}\u00bb][\/et_pb_wc_images][\/et_pb_column][et_pb_column type=\u00bb1_2&#8243; _builder_version=\u00bb4.16&#8243; custom_padding=\u00bb|||\u00bb global_colors_info=\u00bb{}\u00bb custom_padding__hover=\u00bb|||\u00bb][et_pb_wc_title _builder_version=\u00bb4.16&#8243; global_colors_info=\u00bb{}\u00bb][\/et_pb_wc_title][et_pb_wc_rating _builder_version=\u00bb4.16&#8243; global_colors_info=\u00bb{}\u00bb][\/et_pb_wc_rating][et_pb_wc_price _builder_version=\u00bb4.16&#8243; global_colors_info=\u00bb{}\u00bb][\/et_pb_wc_price][et_pb_wc_description _builder_version=\u00bb4.16&#8243; global_colors_info=\u00bb{}\u00bb][\/et_pb_wc_description][et_pb_wc_add_to_cart _builder_version=\u00bb4.16&#8243; global_colors_info=\u00bb{}\u00bb][\/et_pb_wc_add_to_cart][et_pb_wc_meta _builder_version=\u00bb4.16&#8243; global_colors_info=\u00bb{}\u00bb][\/et_pb_wc_meta][\/et_pb_column][\/et_pb_row][et_pb_row _builder_version=\u00bb4.16&#8243; background_size=\u00bbinitial\u00bb background_position=\u00bbtop_left\u00bb background_repeat=\u00bbrepeat\u00bb width=\u00bb100%\u00bb global_colors_info=\u00bb{}\u00bb][et_pb_column type=\u00bb4_4&#8243; _builder_version=\u00bb4.16&#8243; custom_padding=\u00bb|||\u00bb global_colors_info=\u00bb{}\u00bb custom_padding__hover=\u00bb|||\u00bb][et_pb_wc_tabs _builder_version=\u00bb4.16&#8243; global_colors_info=\u00bb{}\u00bb]\t\t\t\t\t[\/et_pb_wc_tabs][et_pb_wc_related_products _builder_version=\u00bb4.16&#8243; global_colors_info=\u00bb{}\u00bb][\/et_pb_wc_related_products][\/et_pb_column][\/et_pb_row][\/et_pb_section]<\/p>\n","protected":false},"excerpt":{"rendered":"<p>Descubre equilibrio y serenidad con nuestras clases de Yoga. Esta pr\u00e1ctica combina posturas, t\u00e9cnicas de respiraci\u00f3n y meditaci\u00f3n para mejorar tu flexibilidad, fuerza y bienestar mental.<\/p>\n<p>Suitable for all levels, these sessions will guide you through a series of postures that stretch and strengthen the body, promoting relaxation and inner balance.<\/p>\n<p>\u00a1\u00danete a nosotros y disfruta de los beneficios del Yoga!<\/p>","protected":false},"featured_media":248475,"comment_status":"open","ping_status":"closed","template":"","meta":{"_et_pb_use_builder":"on","_et_pb_old_content":"Disfruta de la tranquilidad y el equilibrio en clases de Yoga. Esta disciplina milenaria combina posturas, t\u00e9cnicas de respiraci\u00f3n y meditaci\u00f3n para mejorar tu flexibilidad, fuerza y bienestar mental.\r\n\r\nCada sesi\u00f3n de 60 minutos est\u00e1 dise\u00f1ada para todos los niveles, gui\u00e1ndote a trav\u00e9s de una serie de posturas que estiran y fortalecen el cuerpo, promoviendo la relajaci\u00f3n y el equilibrio interno.\r\n\r\nDeber\u00e1s seleccionar la zona de preferencia para la pr\u00e1ctica de yoga, en el sur de Tenerife, zona centro (Santa Cruz - La Laguna) \u00f3 en el norte de la isla. M\u00e1s informaci\u00f3n en el mail de confirmaci\u00f3n de la reserva.\r\n\r\n\u00a1Descubre los beneficios de practicar Yoga!","_et_gb_content_width":""},"product_brand":[],"product_cat":[89],"product_tag":[125,124,126,81],"class_list":{"0":"post-1766","1":"product","2":"type-product","3":"status-publish","4":"has-post-thumbnail","6":"product_cat-yoga","7":"product_tag-bienestar","8":"product_tag-relax","9":"product_tag-salud","10":"product_tag-yoga","12":"first","13":"instock","14":"sale","15":"shipping-taxable","16":"purchasable","17":"product-type-variable"},"yoast_head":"<!-- This site is optimized with the Yoast SEO plugin v27.4 - https:\/\/yoast.com\/product\/yoast-seo-wordpress\/ -->\n<title>Yoga | Wavvy Club<\/title>\n<meta name=\"robots\" content=\"index, follow, max-snippet:-1, max-image-preview:large, max-video-preview:-1\" \/>\n<link rel=\"canonical\" href=\"https:\/\/wavvy.club\/en\/product\/yoga\/\" \/>\n<meta property=\"og:locale\" content=\"en_GB\" \/>\n<meta property=\"og:type\" content=\"article\" \/>\n<meta property=\"og:title\" content=\"Yoga | Wavvy Club\" \/>\n<meta property=\"og:description\" content=\"Descubre equilibrio y serenidad con nuestras clases de Yoga. Esta pr\u00e1ctica combina posturas, t\u00e9cnicas de respiraci\u00f3n y meditaci\u00f3n para mejorar tu flexibilidad, fuerza y bienestar mental.  Aptas para todos los niveles, estas sesiones te guiar\u00e1n a trav\u00e9s de una serie de posturas que estiran y fortalecen el cuerpo, promoviendo relajaci\u00f3n y equilibrio interior.  \u00a1\u00danete a nosotros y disfruta de los beneficios del Yoga!\" \/>\n<meta property=\"og:url\" content=\"https:\/\/wavvy.club\/en\/product\/yoga\/\" \/>\n<meta property=\"og:site_name\" content=\"Wavvy Club\" \/>\n<meta property=\"article:modified_time\" content=\"2025-01-04T19:46:41+00:00\" \/>\n<meta property=\"og:image\" content=\"https:\/\/wavvy.club\/wp-content\/uploads\/2024\/06\/FOTO-grande-WAVVYCLUB-yoga.jpg\" \/>\n\t<meta property=\"og:image:width\" content=\"1920\" \/>\n\t<meta property=\"og:image:height\" content=\"1080\" \/>\n\t<meta property=\"og:image:type\" content=\"image\/jpeg\" \/>\n<meta name=\"twitter:card\" content=\"summary_large_image\" \/>\n<meta name=\"twitter:label1\" content=\"Estimated reading time\" \/>\n\t<meta name=\"twitter:data1\" content=\"2 minutes\" \/>\n<script type=\"application\/ld+json\" class=\"yoast-schema-graph\">{\"@context\":\"https:\\\/\\\/schema.org\",\"@graph\":[{\"@type\":\"WebPage\",\"@id\":\"https:\\\/\\\/wavvy.club\\\/en\\\/product\\\/yoga\\\/\",\"url\":\"https:\\\/\\\/wavvy.club\\\/en\\\/product\\\/yoga\\\/\",\"name\":\"Yoga | Wavvy Club\",\"isPartOf\":{\"@id\":\"https:\\\/\\\/wavvy.club\\\/#website\"},\"primaryImageOfPage\":{\"@id\":\"https:\\\/\\\/wavvy.club\\\/en\\\/product\\\/yoga\\\/#primaryimage\"},\"image\":{\"@id\":\"https:\\\/\\\/wavvy.club\\\/en\\\/product\\\/yoga\\\/#primaryimage\"},\"thumbnailUrl\":\"https:\\\/\\\/wavvy.club\\\/wp-content\\\/uploads\\\/2024\\\/06\\\/FOTO-grande-WAVVYCLUB-yoga.jpg\",\"datePublished\":\"2024-06-21T17:58:42+00:00\",\"dateModified\":\"2025-01-04T19:46:41+00:00\",\"breadcrumb\":{\"@id\":\"https:\\\/\\\/wavvy.club\\\/en\\\/product\\\/yoga\\\/#breadcrumb\"},\"inLanguage\":\"en-GB\",\"potentialAction\":[{\"@type\":\"ReadAction\",\"target\":[\"https:\\\/\\\/wavvy.club\\\/en\\\/product\\\/yoga\\\/\"]}]},{\"@type\":\"ImageObject\",\"inLanguage\":\"en-GB\",\"@id\":\"https:\\\/\\\/wavvy.club\\\/en\\\/product\\\/yoga\\\/#primaryimage\",\"url\":\"https:\\\/\\\/wavvy.club\\\/wp-content\\\/uploads\\\/2024\\\/06\\\/FOTO-grande-WAVVYCLUB-yoga.jpg\",\"contentUrl\":\"https:\\\/\\\/wavvy.club\\\/wp-content\\\/uploads\\\/2024\\\/06\\\/FOTO-grande-WAVVYCLUB-yoga.jpg\",\"width\":800,\"height\":450,\"caption\":\"Clases de yoga en Tenerife\"},{\"@type\":\"BreadcrumbList\",\"@id\":\"https:\\\/\\\/wavvy.club\\\/en\\\/product\\\/yoga\\\/#breadcrumb\",\"itemListElement\":[{\"@type\":\"ListItem\",\"position\":1,\"name\":\"Portada\",\"item\":\"https:\\\/\\\/wavvy.club\\\/\"},{\"@type\":\"ListItem\",\"position\":2,\"name\":\"Tienda\",\"item\":\"https:\\\/\\\/wavvy.club\\\/en\\\/tienda\\\/\"},{\"@type\":\"ListItem\",\"position\":3,\"name\":\"Yoga\"}]},{\"@type\":\"WebSite\",\"@id\":\"https:\\\/\\\/wavvy.club\\\/#website\",\"url\":\"https:\\\/\\\/wavvy.club\\\/\",\"name\":\"Wavvy Club\",\"description\":\"planifica tus vacaciones\",\"publisher\":{\"@id\":\"https:\\\/\\\/wavvy.club\\\/#organization\"},\"potentialAction\":[{\"@type\":\"SearchAction\",\"target\":{\"@type\":\"EntryPoint\",\"urlTemplate\":\"https:\\\/\\\/wavvy.club\\\/?s={search_term_string}\"},\"query-input\":{\"@type\":\"PropertyValueSpecification\",\"valueRequired\":true,\"valueName\":\"search_term_string\"}}],\"inLanguage\":\"en-GB\"},{\"@type\":\"Organization\",\"@id\":\"https:\\\/\\\/wavvy.club\\\/#organization\",\"name\":\"Wavvy Club\",\"url\":\"https:\\\/\\\/wavvy.club\\\/\",\"logo\":{\"@type\":\"ImageObject\",\"inLanguage\":\"en-GB\",\"@id\":\"https:\\\/\\\/wavvy.club\\\/#\\\/schema\\\/logo\\\/image\\\/\",\"url\":\"https:\\\/\\\/wavvy.club\\\/wp-content\\\/uploads\\\/2024\\\/08\\\/Wavvy-Club-Logo-Color.png\",\"contentUrl\":\"https:\\\/\\\/wavvy.club\\\/wp-content\\\/uploads\\\/2024\\\/08\\\/Wavvy-Club-Logo-Color.png\",\"width\":1080,\"height\":640,\"caption\":\"Wavvy Club\"},\"image\":{\"@id\":\"https:\\\/\\\/wavvy.club\\\/#\\\/schema\\\/logo\\\/image\\\/\"}}]}<\/script>\n<!-- \/ Yoast SEO plugin. -->","yoast_head_json":{"title":"Yoga | Wavvy Club","robots":{"index":"index","follow":"follow","max-snippet":"max-snippet:-1","max-image-preview":"max-image-preview:large","max-video-preview":"max-video-preview:-1"},"canonical":"https:\/\/wavvy.club\/en\/product\/yoga\/","og_locale":"en_GB","og_type":"article","og_title":"Yoga | Wavvy Club","og_description":"Descubre equilibrio y serenidad con nuestras clases de Yoga. Esta pr\u00e1ctica combina posturas, t\u00e9cnicas de respiraci\u00f3n y meditaci\u00f3n para mejorar tu flexibilidad, fuerza y bienestar mental.  Aptas para todos los niveles, estas sesiones te guiar\u00e1n a trav\u00e9s de una serie de posturas que estiran y fortalecen el cuerpo, promoviendo relajaci\u00f3n y equilibrio interior.  \u00a1\u00danete a nosotros y disfruta de los beneficios del Yoga!","og_url":"https:\/\/wavvy.club\/en\/product\/yoga\/","og_site_name":"Wavvy Club","article_modified_time":"2025-01-04T19:46:41+00:00","og_image":[{"width":1920,"height":1080,"url":"https:\/\/wavvy.club\/wp-content\/uploads\/2024\/06\/FOTO-grande-WAVVYCLUB-yoga.jpg","type":"image\/jpeg"}],"twitter_card":"summary_large_image","twitter_misc":{"Estimated reading time":"2 minutes"},"schema":{"@context":"https:\/\/schema.org","@graph":[{"@type":"WebPage","@id":"https:\/\/wavvy.club\/en\/product\/yoga\/","url":"https:\/\/wavvy.club\/en\/product\/yoga\/","name":"Yoga | Wavvy Club","isPartOf":{"@id":"https:\/\/wavvy.club\/#website"},"primaryImageOfPage":{"@id":"https:\/\/wavvy.club\/en\/product\/yoga\/#primaryimage"},"image":{"@id":"https:\/\/wavvy.club\/en\/product\/yoga\/#primaryimage"},"thumbnailUrl":"https:\/\/wavvy.club\/wp-content\/uploads\/2024\/06\/FOTO-grande-WAVVYCLUB-yoga.jpg","datePublished":"2024-06-21T17:58:42+00:00","dateModified":"2025-01-04T19:46:41+00:00","breadcrumb":{"@id":"https:\/\/wavvy.club\/en\/product\/yoga\/#breadcrumb"},"inLanguage":"en-GB","potentialAction":[{"@type":"ReadAction","target":["https:\/\/wavvy.club\/en\/product\/yoga\/"]}]},{"@type":"ImageObject","inLanguage":"en-GB","@id":"https:\/\/wavvy.club\/en\/product\/yoga\/#primaryimage","url":"https:\/\/wavvy.club\/wp-content\/uploads\/2024\/06\/FOTO-grande-WAVVYCLUB-yoga.jpg","contentUrl":"https:\/\/wavvy.club\/wp-content\/uploads\/2024\/06\/FOTO-grande-WAVVYCLUB-yoga.jpg","width":800,"height":450,"caption":"Clases de yoga en Tenerife"},{"@type":"BreadcrumbList","@id":"https:\/\/wavvy.club\/en\/product\/yoga\/#breadcrumb","itemListElement":[{"@type":"ListItem","position":1,"name":"Portada","item":"https:\/\/wavvy.club\/"},{"@type":"ListItem","position":2,"name":"Tienda","item":"https:\/\/wavvy.club\/en\/tienda\/"},{"@type":"ListItem","position":3,"name":"Yoga"}]},{"@type":"WebSite","@id":"https:\/\/wavvy.club\/#website","url":"https:\/\/wavvy.club\/","name":"Wavvy Club","description":"planifica tus vacaciones","publisher":{"@id":"https:\/\/wavvy.club\/#organization"},"potentialAction":[{"@type":"SearchAction","target":{"@type":"EntryPoint","urlTemplate":"https:\/\/wavvy.club\/?s={search_term_string}"},"query-input":{"@type":"PropertyValueSpecification","valueRequired":true,"valueName":"search_term_string"}}],"inLanguage":"en-GB"},{"@type":"Organization","@id":"https:\/\/wavvy.club\/#organization","name":"Wavvy Club","url":"https:\/\/wavvy.club\/","logo":{"@type":"ImageObject","inLanguage":"en-GB","@id":"https:\/\/wavvy.club\/#\/schema\/logo\/image\/","url":"https:\/\/wavvy.club\/wp-content\/uploads\/2024\/08\/Wavvy-Club-Logo-Color.png","contentUrl":"https:\/\/wavvy.club\/wp-content\/uploads\/2024\/08\/Wavvy-Club-Logo-Color.png","width":1080,"height":640,"caption":"Wavvy Club"},"image":{"@id":"https:\/\/wavvy.club\/#\/schema\/logo\/image\/"}}]}},"jetpack_sharing_enabled":true,"_links":{"self":[{"href":"https:\/\/wavvy.club\/en\/wp-json\/wp\/v2\/product\/1766","targetHints":{"allow":["GET"]}}],"collection":[{"href":"https:\/\/wavvy.club\/en\/wp-json\/wp\/v2\/product"}],"about":[{"href":"https:\/\/wavvy.club\/en\/wp-json\/wp\/v2\/types\/product"}],"replies":[{"embeddable":true,"href":"https:\/\/wavvy.club\/en\/wp-json\/wp\/v2\/comments?post=1766"}],"wp:featuredmedia":[{"embeddable":true,"href":"https:\/\/wavvy.club\/en\/wp-json\/wp\/v2\/media\/248475"}],"wp:attachment":[{"href":"https:\/\/wavvy.club\/en\/wp-json\/wp\/v2\/media?parent=1766"}],"wp:term":[{"taxonomy":"product_brand","embeddable":true,"href":"https:\/\/wavvy.club\/en\/wp-json\/wp\/v2\/product_brand?post=1766"},{"taxonomy":"product_cat","embeddable":true,"href":"https:\/\/wavvy.club\/en\/wp-json\/wp\/v2\/product_cat?post=1766"},{"taxonomy":"product_tag","embeddable":true,"href":"https:\/\/wavvy.club\/en\/wp-json\/wp\/v2\/product_tag?post=1766"}],"curies":[{"name":"wp","href":"https:\/\/api.w.org\/{rel}","templated":true}]}}