{"id":1418,"date":"2024-05-21T15:18:36","date_gmt":"2024-05-21T14:18:36","guid":{"rendered":"https:\/\/wavvy.club\/?post_type=product&#038;p=1418"},"modified":"2024-12-07T15:52:57","modified_gmt":"2024-12-07T15:52:57","slug":"surf","status":"publish","type":"product","link":"https:\/\/wavvy.club\/en\/product\/surf\/","title":{"rendered":"Surf"},"content":{"rendered":"<p>Enjoy surfing lessons at Playa de Las Am\u00e9ricas, an ideal place with more than 7 surf spots. This beach is known for its varied waves, from powerful breaks to gentle and safe ones, suitable for surfers of all levels.<\/p>\n<p>We highlight El Medio, a perfect spot for beginners and intermediates, located in a bay with a smooth and uniform rocky bottom. This place makes it easy to enter and exit the water, guaranteeing safe and enjoyable classes practically all year round.<\/p>\n<p>Playa de Las Am\u00e9ricas is also a tourist centre with a wide range of leisure activities and a growing surfing culture. Come and improve your skills in a safe and dynamic environment.<\/p>","protected":false},"excerpt":{"rendered":"<p>Dive into the excitement of surfing in Playa de Las Am\u00e9ricas with our classes designed for all levels. Under the guidance of expert instructors, you will learn to master the waves in a safe and fun environment. All classes include the necessary equipment: boards, wetsuits and more.<\/p>\n<p>Come and discover the magic of surfing in Tenerife!<\/p>","protected":false},"featured_media":1419,"comment_status":"open","ping_status":"closed","template":"","meta":{"_et_pb_use_builder":"off","_et_pb_old_content":"Sum\u00e9rgete en la emoci\u00f3n del surf en las impresionantes playas de Tenerife con nuestras clases dise\u00f1adas para todos los niveles. Bajo la gu\u00eda de instructores expertos, aprender\u00e1s a dominar las olas en un entorno seguro y divertido. Todas las clases incluyen el material necesario: tablas, neoprenos y m\u00e1s. Contamos con varias localizaciones para adaptar la experiencia a tu nivel y a las condiciones meteorol\u00f3gicas, asegurando una sesi\u00f3n \u00f3ptima y memorable. \u00a1Ven y descubre la magia del surf en Tenerife!","_et_gb_content_width":""},"product_brand":[],"product_cat":[88],"product_tag":[118,119,117],"class_list":{"0":"post-1418","1":"product","2":"type-product","3":"status-publish","4":"has-post-thumbnail","6":"product_cat-surf","7":"product_tag-clases","8":"product_tag-de","9":"product_tag-surf","11":"first","12":"instock","13":"sale","14":"shipping-taxable","15":"purchasable","16":"product-type-variable"},"yoast_head":"<!-- This site is optimized with the Yoast SEO plugin v27.4 - https:\/\/yoast.com\/product\/yoast-seo-wordpress\/ -->\n<title>Surf | Wavvy Club<\/title>\n<meta name=\"robots\" content=\"index, follow, max-snippet:-1, max-image-preview:large, max-video-preview:-1\" \/>\n<link rel=\"canonical\" href=\"https:\/\/wavvy.club\/en\/product\/surf\/\" \/>\n<meta property=\"og:locale\" content=\"en_GB\" \/>\n<meta property=\"og:type\" content=\"article\" \/>\n<meta property=\"og:title\" content=\"Surf | Wavvy Club\" \/>\n<meta property=\"og:description\" content=\"Sum\u00e9rgete en la emoci\u00f3n del surf en Playa de Las Am\u00e9ricas con nuestras clases dise\u00f1adas para todos los niveles. Bajo la gu\u00eda de instructores expertos, aprender\u00e1s a dominar las olas en un entorno seguro y divertido. Todas las clases incluyen el material necesario: tablas, neoprenos y m\u00e1s.  \u00a1Ven y descubre la magia del surf en Tenerife!\" \/>\n<meta property=\"og:url\" content=\"https:\/\/wavvy.club\/en\/product\/surf\/\" \/>\n<meta property=\"og:site_name\" content=\"Wavvy Club\" \/>\n<meta property=\"article:modified_time\" content=\"2024-12-07T15:52:57+00:00\" \/>\n<meta property=\"og:image\" content=\"https:\/\/wavvy.club\/wp-content\/uploads\/2024\/05\/SIX01647-scaled.jpg\" \/>\n\t<meta property=\"og:image:width\" content=\"2560\" \/>\n\t<meta property=\"og:image:height\" content=\"1440\" \/>\n\t<meta property=\"og:image:type\" content=\"image\/jpeg\" \/>\n<meta name=\"twitter:card\" content=\"summary_large_image\" \/>\n<meta name=\"twitter:label1\" content=\"Estimated reading time\" \/>\n\t<meta name=\"twitter:data1\" content=\"1 minute\" \/>\n<script type=\"application\/ld+json\" class=\"yoast-schema-graph\">{\"@context\":\"https:\\\/\\\/schema.org\",\"@graph\":[{\"@type\":\"WebPage\",\"@id\":\"https:\\\/\\\/wavvy.club\\\/producto\\\/surf\\\/\",\"url\":\"https:\\\/\\\/wavvy.club\\\/producto\\\/surf\\\/\",\"name\":\"Surf | Wavvy Club\",\"isPartOf\":{\"@id\":\"https:\\\/\\\/wavvy.club\\\/#website\"},\"primaryImageOfPage\":{\"@id\":\"https:\\\/\\\/wavvy.club\\\/producto\\\/surf\\\/#primaryimage\"},\"image\":{\"@id\":\"https:\\\/\\\/wavvy.club\\\/producto\\\/surf\\\/#primaryimage\"},\"thumbnailUrl\":\"https:\\\/\\\/wavvy.club\\\/wp-content\\\/uploads\\\/2024\\\/05\\\/SIX01647-scaled.jpg\",\"datePublished\":\"2024-05-21T14:18:36+00:00\",\"dateModified\":\"2024-12-07T15:52:57+00:00\",\"breadcrumb\":{\"@id\":\"https:\\\/\\\/wavvy.club\\\/producto\\\/surf\\\/#breadcrumb\"},\"inLanguage\":\"en-GB\",\"potentialAction\":[{\"@type\":\"ReadAction\",\"target\":[\"https:\\\/\\\/wavvy.club\\\/producto\\\/surf\\\/\"]}]},{\"@type\":\"ImageObject\",\"inLanguage\":\"en-GB\",\"@id\":\"https:\\\/\\\/wavvy.club\\\/producto\\\/surf\\\/#primaryimage\",\"url\":\"https:\\\/\\\/wavvy.club\\\/wp-content\\\/uploads\\\/2024\\\/05\\\/SIX01647-scaled.jpg\",\"contentUrl\":\"https:\\\/\\\/wavvy.club\\\/wp-content\\\/uploads\\\/2024\\\/05\\\/SIX01647-scaled.jpg\",\"width\":800,\"height\":450},{\"@type\":\"BreadcrumbList\",\"@id\":\"https:\\\/\\\/wavvy.club\\\/producto\\\/surf\\\/#breadcrumb\",\"itemListElement\":[{\"@type\":\"ListItem\",\"position\":1,\"name\":\"Portada\",\"item\":\"https:\\\/\\\/wavvy.club\\\/\"},{\"@type\":\"ListItem\",\"position\":2,\"name\":\"Tienda\",\"item\":\"https:\\\/\\\/wavvy.club\\\/en\\\/tienda\\\/\"},{\"@type\":\"ListItem\",\"position\":3,\"name\":\"Surf\"}]},{\"@type\":\"WebSite\",\"@id\":\"https:\\\/\\\/wavvy.club\\\/#website\",\"url\":\"https:\\\/\\\/wavvy.club\\\/\",\"name\":\"Wavvy Club\",\"description\":\"planifica tus vacaciones\",\"publisher\":{\"@id\":\"https:\\\/\\\/wavvy.club\\\/#organization\"},\"potentialAction\":[{\"@type\":\"SearchAction\",\"target\":{\"@type\":\"EntryPoint\",\"urlTemplate\":\"https:\\\/\\\/wavvy.club\\\/?s={search_term_string}\"},\"query-input\":{\"@type\":\"PropertyValueSpecification\",\"valueRequired\":true,\"valueName\":\"search_term_string\"}}],\"inLanguage\":\"en-GB\"},{\"@type\":\"Organization\",\"@id\":\"https:\\\/\\\/wavvy.club\\\/#organization\",\"name\":\"Wavvy Club\",\"url\":\"https:\\\/\\\/wavvy.club\\\/\",\"logo\":{\"@type\":\"ImageObject\",\"inLanguage\":\"en-GB\",\"@id\":\"https:\\\/\\\/wavvy.club\\\/#\\\/schema\\\/logo\\\/image\\\/\",\"url\":\"https:\\\/\\\/wavvy.club\\\/wp-content\\\/uploads\\\/2024\\\/08\\\/Wavvy-Club-Logo-Color.png\",\"contentUrl\":\"https:\\\/\\\/wavvy.club\\\/wp-content\\\/uploads\\\/2024\\\/08\\\/Wavvy-Club-Logo-Color.png\",\"width\":1080,\"height\":640,\"caption\":\"Wavvy Club\"},\"image\":{\"@id\":\"https:\\\/\\\/wavvy.club\\\/#\\\/schema\\\/logo\\\/image\\\/\"}}]}<\/script>\n<!-- \/ Yoast SEO plugin. -->","yoast_head_json":{"title":"Surf | Wavvy Club","robots":{"index":"index","follow":"follow","max-snippet":"max-snippet:-1","max-image-preview":"max-image-preview:large","max-video-preview":"max-video-preview:-1"},"canonical":"https:\/\/wavvy.club\/en\/product\/surf\/","og_locale":"en_GB","og_type":"article","og_title":"Surf | Wavvy Club","og_description":"Sum\u00e9rgete en la emoci\u00f3n del surf en Playa de Las Am\u00e9ricas con nuestras clases dise\u00f1adas para todos los niveles. Bajo la gu\u00eda de instructores expertos, aprender\u00e1s a dominar las olas en un entorno seguro y divertido. Todas las clases incluyen el material necesario: tablas, neoprenos y m\u00e1s.  \u00a1Ven y descubre la magia del surf en Tenerife!","og_url":"https:\/\/wavvy.club\/en\/product\/surf\/","og_site_name":"Wavvy Club","article_modified_time":"2024-12-07T15:52:57+00:00","og_image":[{"width":2560,"height":1440,"url":"https:\/\/wavvy.club\/wp-content\/uploads\/2024\/05\/SIX01647-scaled.jpg","type":"image\/jpeg"}],"twitter_card":"summary_large_image","twitter_misc":{"Estimated reading time":"1 minute"},"schema":{"@context":"https:\/\/schema.org","@graph":[{"@type":"WebPage","@id":"https:\/\/wavvy.club\/producto\/surf\/","url":"https:\/\/wavvy.club\/producto\/surf\/","name":"Surf | Wavvy Club","isPartOf":{"@id":"https:\/\/wavvy.club\/#website"},"primaryImageOfPage":{"@id":"https:\/\/wavvy.club\/producto\/surf\/#primaryimage"},"image":{"@id":"https:\/\/wavvy.club\/producto\/surf\/#primaryimage"},"thumbnailUrl":"https:\/\/wavvy.club\/wp-content\/uploads\/2024\/05\/SIX01647-scaled.jpg","datePublished":"2024-05-21T14:18:36+00:00","dateModified":"2024-12-07T15:52:57+00:00","breadcrumb":{"@id":"https:\/\/wavvy.club\/producto\/surf\/#breadcrumb"},"inLanguage":"en-GB","potentialAction":[{"@type":"ReadAction","target":["https:\/\/wavvy.club\/producto\/surf\/"]}]},{"@type":"ImageObject","inLanguage":"en-GB","@id":"https:\/\/wavvy.club\/producto\/surf\/#primaryimage","url":"https:\/\/wavvy.club\/wp-content\/uploads\/2024\/05\/SIX01647-scaled.jpg","contentUrl":"https:\/\/wavvy.club\/wp-content\/uploads\/2024\/05\/SIX01647-scaled.jpg","width":800,"height":450},{"@type":"BreadcrumbList","@id":"https:\/\/wavvy.club\/producto\/surf\/#breadcrumb","itemListElement":[{"@type":"ListItem","position":1,"name":"Portada","item":"https:\/\/wavvy.club\/"},{"@type":"ListItem","position":2,"name":"Tienda","item":"https:\/\/wavvy.club\/en\/tienda\/"},{"@type":"ListItem","position":3,"name":"Surf"}]},{"@type":"WebSite","@id":"https:\/\/wavvy.club\/#website","url":"https:\/\/wavvy.club\/","name":"Wavvy Club","description":"planifica tus vacaciones","publisher":{"@id":"https:\/\/wavvy.club\/#organization"},"potentialAction":[{"@type":"SearchAction","target":{"@type":"EntryPoint","urlTemplate":"https:\/\/wavvy.club\/?s={search_term_string}"},"query-input":{"@type":"PropertyValueSpecification","valueRequired":true,"valueName":"search_term_string"}}],"inLanguage":"en-GB"},{"@type":"Organization","@id":"https:\/\/wavvy.club\/#organization","name":"Wavvy Club","url":"https:\/\/wavvy.club\/","logo":{"@type":"ImageObject","inLanguage":"en-GB","@id":"https:\/\/wavvy.club\/#\/schema\/logo\/image\/","url":"https:\/\/wavvy.club\/wp-content\/uploads\/2024\/08\/Wavvy-Club-Logo-Color.png","contentUrl":"https:\/\/wavvy.club\/wp-content\/uploads\/2024\/08\/Wavvy-Club-Logo-Color.png","width":1080,"height":640,"caption":"Wavvy Club"},"image":{"@id":"https:\/\/wavvy.club\/#\/schema\/logo\/image\/"}}]}},"jetpack_sharing_enabled":true,"_links":{"self":[{"href":"https:\/\/wavvy.club\/en\/wp-json\/wp\/v2\/product\/1418","targetHints":{"allow":["GET"]}}],"collection":[{"href":"https:\/\/wavvy.club\/en\/wp-json\/wp\/v2\/product"}],"about":[{"href":"https:\/\/wavvy.club\/en\/wp-json\/wp\/v2\/types\/product"}],"replies":[{"embeddable":true,"href":"https:\/\/wavvy.club\/en\/wp-json\/wp\/v2\/comments?post=1418"}],"wp:featuredmedia":[{"embeddable":true,"href":"https:\/\/wavvy.club\/en\/wp-json\/wp\/v2\/media\/1419"}],"wp:attachment":[{"href":"https:\/\/wavvy.club\/en\/wp-json\/wp\/v2\/media?parent=1418"}],"wp:term":[{"taxonomy":"product_brand","embeddable":true,"href":"https:\/\/wavvy.club\/en\/wp-json\/wp\/v2\/product_brand?post=1418"},{"taxonomy":"product_cat","embeddable":true,"href":"https:\/\/wavvy.club\/en\/wp-json\/wp\/v2\/product_cat?post=1418"},{"taxonomy":"product_tag","embeddable":true,"href":"https:\/\/wavvy.club\/en\/wp-json\/wp\/v2\/product_tag?post=1418"}],"curies":[{"name":"wp","href":"https:\/\/api.w.org\/{rel}","templated":true}]}}