{"id":1401,"date":"2024-05-19T18:22:33","date_gmt":"2024-05-19T17:22:33","guid":{"rendered":"https:\/\/wavvy.club\/?post_type=product&#038;p=1401"},"modified":"2025-05-06T18:09:38","modified_gmt":"2025-05-06T17:09:38","slug":"avistamiento-de-cetaceos-en-tenerife-barco-60","status":"publish","type":"product","link":"https:\/\/wavvy.club\/en\/product\/avistamiento-de-cetaceos-en-tenerife-barco-60\/","title":{"rendered":"Avistamiento de cet\u00e1ceos en Tenerife &#8211; Barco 60"},"content":{"rendered":"<p>[et_pb_section fb_built=\u00bb1&#8243; _builder_version=\u00bb4.16&#8243; background_color=\u00bbrgba(255, 255, 255, 0)\u00bb custom_padding=\u00bb0px||||false|false\u00bb global_colors_info=\u00bb{}\u00bb][et_pb_row _builder_version=\u00bb4.16&#8243; background_size=\u00bbinitial\u00bb background_position=\u00bbtop_left\u00bb background_repeat=\u00bbrepeat\u00bb width=\u00bb100%\u00bb custom_padding=\u00bb0px||0px||false|false\u00bb global_colors_info=\u00bb{}\u00bb][et_pb_column type=\u00bb4_4&#8243; _builder_version=\u00bb4.16&#8243; custom_padding=\u00bb|||\u00bb global_colors_info=\u00bb{}\u00bb custom_padding__hover=\u00bb|||\u00bb][et_pb_wc_breadcrumb _builder_version=\u00bb4.16&#8243; global_colors_info=\u00bb{}\u00bb][\/et_pb_wc_breadcrumb][et_pb_wc_cart_notice _builder_version=\u00bb4.16&#8243; global_colors_info=\u00bb{}\u00bb][\/et_pb_wc_cart_notice][\/et_pb_column][\/et_pb_row][et_pb_row column_structure=\u00bb1_2,1_2&#8243; _builder_version=\u00bb4.16&#8243; background_size=\u00bbinitial\u00bb background_position=\u00bbtop_left\u00bb background_repeat=\u00bbrepeat\u00bb width=\u00bb100%\u00bb custom_padding=\u00bb0px||||false|false\u00bb global_colors_info=\u00bb{}\u00bb][et_pb_column type=\u00bb1_2&#8243; _builder_version=\u00bb4.16&#8243; custom_padding=\u00bb|||\u00bb global_colors_info=\u00bb{}\u00bb custom_padding__hover=\u00bb|||\u00bb][et_pb_wc_images _builder_version=\u00bb4.16&#8243; global_colors_info=\u00bb{}\u00bb][\/et_pb_wc_images][\/et_pb_column][et_pb_column type=\u00bb1_2&#8243; _builder_version=\u00bb4.16&#8243; custom_padding=\u00bb|||\u00bb global_colors_info=\u00bb{}\u00bb custom_padding__hover=\u00bb|||\u00bb][et_pb_wc_title _builder_version=\u00bb4.16&#8243; global_colors_info=\u00bb{}\u00bb][\/et_pb_wc_title][et_pb_wc_rating _builder_version=\u00bb4.16&#8243; global_colors_info=\u00bb{}\u00bb][\/et_pb_wc_rating][et_pb_wc_price _builder_version=\u00bb4.16&#8243; global_colors_info=\u00bb{}\u00bb][\/et_pb_wc_price][et_pb_wc_description _builder_version=\u00bb4.16&#8243; global_colors_info=\u00bb{}\u00bb][\/et_pb_wc_description][et_pb_wc_add_to_cart _builder_version=\u00bb4.16&#8243; global_colors_info=\u00bb{}\u00bb][\/et_pb_wc_add_to_cart][et_pb_wc_meta _builder_version=\u00bb4.16&#8243; global_colors_info=\u00bb{}\u00bb][\/et_pb_wc_meta][\/et_pb_column][\/et_pb_row][et_pb_row _builder_version=\u00bb4.16&#8243; background_size=\u00bbinitial\u00bb background_position=\u00bbtop_left\u00bb background_repeat=\u00bbrepeat\u00bb width=\u00bb100%\u00bb global_colors_info=\u00bb{}\u00bb][et_pb_column type=\u00bb4_4&#8243; _builder_version=\u00bb4.16&#8243; custom_padding=\u00bb|||\u00bb global_colors_info=\u00bb{}\u00bb custom_padding__hover=\u00bb|||\u00bb][et_pb_wc_tabs _builder_version=\u00bb4.16&#8243; global_colors_info=\u00bb{}\u00bb]\t\t\t\t\t[\/et_pb_wc_tabs][et_pb_wc_upsells _builder_version=\u00bb4.16&#8243; global_colors_info=\u00bb{}\u00bb][\/et_pb_wc_upsells][et_pb_wc_related_products _builder_version=\u00bb4.16&#8243; global_colors_info=\u00bb{}\u00bb][\/et_pb_wc_related_products][\/et_pb_column][\/et_pb_row][\/et_pb_section]<\/p>\n","protected":false},"excerpt":{"rendered":"<p>Embark on a tour along the coast of Tenerife and discover spectacular landscapes and the imposing Atlantic Ocean. Sail past majestic cliffs and hidden beaches. Relax in the sun, feel the sea breeze and marvel at the panoramic views of the island.<\/p>\n<p>\u00a1Una experiencia inolvidable te espera!<\/p>","protected":false},"featured_media":1852,"comment_status":"open","ping_status":"closed","template":"","meta":{"_et_pb_use_builder":"on","_et_pb_old_content":"Descubre la costa de Tenerife en un emocionante tour en un imponente barco de 20 metros de largo y capacidad de hasta 15 personas, te invita a vivir una experiencia \u00fanica. Acantilados imponentes y atardeceres m\u00e1gicos con la isla de La Gomera de fondo, \u00a1una experiencia \u00fanica te espera!\r\n\r\nEste exclusivo barco de lujo est\u00e1 dise\u00f1ado para brindarte una traves\u00eda inolvidable, con cada detalle cuidadosamente pensado para tu comodidad y disfrute.\r\n\r\nA dem\u00e1s, dispone del certificado Barco Azul, lo que asegura que las actividades de avistamiento se llevan a cabo con respeto hacia los cet\u00e1ceos, minimizando el impacto en su h\u00e1bitat natural y priorizando su bienestar en todo momento.\r\n\r\n&nbsp;","_et_gb_content_width":""},"product_brand":[],"product_cat":[64],"product_tag":[145,78,136,135,79],"class_list":{"0":"post-1401","1":"product","2":"type-product","3":"status-publish","4":"has-post-thumbnail","6":"product_cat-barcos-yates","7":"product_tag-avistamiento-de-cetaceos","8":"product_tag-barco","9":"product_tag-barco-azul","10":"product_tag-blue-boat","11":"product_tag-tour-en-barco","13":"first","14":"instock","15":"sale","16":"shipping-taxable","17":"purchasable","18":"product-type-variable"},"yoast_head":"<!-- This site is optimized with the Yoast SEO plugin v27.4 - https:\/\/yoast.com\/product\/yoast-seo-wordpress\/ -->\n<title>Avistamiento de cet\u00e1ceos en Tenerife - Barco 60 | Wavvy Club<\/title>\n<meta name=\"robots\" content=\"index, follow, max-snippet:-1, max-image-preview:large, max-video-preview:-1\" \/>\n<link rel=\"canonical\" href=\"https:\/\/wavvy.club\/en\/product\/avistamiento-de-cetaceos-en-tenerife-barco-60\/\" \/>\n<meta property=\"og:locale\" content=\"en_GB\" \/>\n<meta property=\"og:type\" content=\"article\" \/>\n<meta property=\"og:title\" content=\"Avistamiento de cet\u00e1ceos en Tenerife - Barco 60 | Wavvy Club\" \/>\n<meta property=\"og:description\" content=\"Emb\u00e1rcate en un tour por la costa de Tenerife y descubre paisajes espectaculares y el imponente oc\u00e9ano Atl\u00e1ntico. Navega junto a majestuosos acantilados, playas escondidas. Rel\u00e1jate bajo el sol, siente la brisa marina y d\u00e9jate maravillar por las vistas panor\u00e1micas de la isla.  \u00a1Una experiencia inolvidable te espera!\" \/>\n<meta property=\"og:url\" content=\"https:\/\/wavvy.club\/en\/product\/avistamiento-de-cetaceos-en-tenerife-barco-60\/\" \/>\n<meta property=\"og:site_name\" content=\"Wavvy Club\" \/>\n<meta property=\"article:modified_time\" content=\"2025-05-06T17:09:38+00:00\" \/>\n<meta property=\"og:image\" content=\"https:\/\/wavvy.club\/wp-content\/uploads\/2024\/06\/opera-60.2-1-scaled.jpg\" \/>\n\t<meta property=\"og:image:width\" content=\"800\" \/>\n\t<meta property=\"og:image:height\" content=\"479\" \/>\n\t<meta property=\"og:image:type\" content=\"image\/jpeg\" \/>\n<meta name=\"twitter:card\" content=\"summary_large_image\" \/>\n<meta name=\"twitter:label1\" content=\"Estimated reading time\" \/>\n\t<meta name=\"twitter:data1\" content=\"1 minute\" \/>\n<script type=\"application\/ld+json\" class=\"yoast-schema-graph\">{\"@context\":\"https:\\\/\\\/schema.org\",\"@graph\":[{\"@type\":\"WebPage\",\"@id\":\"https:\\\/\\\/wavvy.club\\\/producto\\\/avistamiento-de-cetaceos-en-tenerife-barco-60\\\/\",\"url\":\"https:\\\/\\\/wavvy.club\\\/producto\\\/avistamiento-de-cetaceos-en-tenerife-barco-60\\\/\",\"name\":\"Avistamiento de cet\u00e1ceos en Tenerife - Barco 60 | Wavvy Club\",\"isPartOf\":{\"@id\":\"https:\\\/\\\/wavvy.club\\\/#website\"},\"primaryImageOfPage\":{\"@id\":\"https:\\\/\\\/wavvy.club\\\/producto\\\/avistamiento-de-cetaceos-en-tenerife-barco-60\\\/#primaryimage\"},\"image\":{\"@id\":\"https:\\\/\\\/wavvy.club\\\/producto\\\/avistamiento-de-cetaceos-en-tenerife-barco-60\\\/#primaryimage\"},\"thumbnailUrl\":\"https:\\\/\\\/wavvy.club\\\/wp-content\\\/uploads\\\/2024\\\/06\\\/opera-60.2-1-scaled.jpg\",\"datePublished\":\"2024-05-19T17:22:33+00:00\",\"dateModified\":\"2025-05-06T17:09:38+00:00\",\"breadcrumb\":{\"@id\":\"https:\\\/\\\/wavvy.club\\\/producto\\\/avistamiento-de-cetaceos-en-tenerife-barco-60\\\/#breadcrumb\"},\"inLanguage\":\"en-GB\",\"potentialAction\":[{\"@type\":\"ReadAction\",\"target\":[\"https:\\\/\\\/wavvy.club\\\/producto\\\/avistamiento-de-cetaceos-en-tenerife-barco-60\\\/\"]}]},{\"@type\":\"ImageObject\",\"inLanguage\":\"en-GB\",\"@id\":\"https:\\\/\\\/wavvy.club\\\/producto\\\/avistamiento-de-cetaceos-en-tenerife-barco-60\\\/#primaryimage\",\"url\":\"https:\\\/\\\/wavvy.club\\\/wp-content\\\/uploads\\\/2024\\\/06\\\/opera-60.2-1-scaled.jpg\",\"contentUrl\":\"https:\\\/\\\/wavvy.club\\\/wp-content\\\/uploads\\\/2024\\\/06\\\/opera-60.2-1-scaled.jpg\",\"width\":800,\"height\":479,\"caption\":\"excursion en barco en tenerife\"},{\"@type\":\"BreadcrumbList\",\"@id\":\"https:\\\/\\\/wavvy.club\\\/producto\\\/avistamiento-de-cetaceos-en-tenerife-barco-60\\\/#breadcrumb\",\"itemListElement\":[{\"@type\":\"ListItem\",\"position\":1,\"name\":\"Portada\",\"item\":\"https:\\\/\\\/wavvy.club\\\/\"},{\"@type\":\"ListItem\",\"position\":2,\"name\":\"Tienda\",\"item\":\"https:\\\/\\\/wavvy.club\\\/en\\\/tienda\\\/\"},{\"@type\":\"ListItem\",\"position\":3,\"name\":\"Avistamiento de cet\u00e1ceos en Tenerife &#8211; Barco 60\"}]},{\"@type\":\"WebSite\",\"@id\":\"https:\\\/\\\/wavvy.club\\\/#website\",\"url\":\"https:\\\/\\\/wavvy.club\\\/\",\"name\":\"Wavvy Club\",\"description\":\"planifica tus vacaciones\",\"publisher\":{\"@id\":\"https:\\\/\\\/wavvy.club\\\/#organization\"},\"potentialAction\":[{\"@type\":\"SearchAction\",\"target\":{\"@type\":\"EntryPoint\",\"urlTemplate\":\"https:\\\/\\\/wavvy.club\\\/?s={search_term_string}\"},\"query-input\":{\"@type\":\"PropertyValueSpecification\",\"valueRequired\":true,\"valueName\":\"search_term_string\"}}],\"inLanguage\":\"en-GB\"},{\"@type\":\"Organization\",\"@id\":\"https:\\\/\\\/wavvy.club\\\/#organization\",\"name\":\"Wavvy Club\",\"url\":\"https:\\\/\\\/wavvy.club\\\/\",\"logo\":{\"@type\":\"ImageObject\",\"inLanguage\":\"en-GB\",\"@id\":\"https:\\\/\\\/wavvy.club\\\/#\\\/schema\\\/logo\\\/image\\\/\",\"url\":\"https:\\\/\\\/wavvy.club\\\/wp-content\\\/uploads\\\/2024\\\/08\\\/Wavvy-Club-Logo-Color.png\",\"contentUrl\":\"https:\\\/\\\/wavvy.club\\\/wp-content\\\/uploads\\\/2024\\\/08\\\/Wavvy-Club-Logo-Color.png\",\"width\":1080,\"height\":640,\"caption\":\"Wavvy Club\"},\"image\":{\"@id\":\"https:\\\/\\\/wavvy.club\\\/#\\\/schema\\\/logo\\\/image\\\/\"}}]}<\/script>\n<!-- \/ Yoast SEO plugin. -->","yoast_head_json":{"title":"Avistamiento de cet\u00e1ceos en Tenerife - Barco 60 | Wavvy Club","robots":{"index":"index","follow":"follow","max-snippet":"max-snippet:-1","max-image-preview":"max-image-preview:large","max-video-preview":"max-video-preview:-1"},"canonical":"https:\/\/wavvy.club\/en\/product\/avistamiento-de-cetaceos-en-tenerife-barco-60\/","og_locale":"en_GB","og_type":"article","og_title":"Avistamiento de cet\u00e1ceos en Tenerife - Barco 60 | Wavvy Club","og_description":"Emb\u00e1rcate en un tour por la costa de Tenerife y descubre paisajes espectaculares y el imponente oc\u00e9ano Atl\u00e1ntico. Navega junto a majestuosos acantilados, playas escondidas. Rel\u00e1jate bajo el sol, siente la brisa marina y d\u00e9jate maravillar por las vistas panor\u00e1micas de la isla.  \u00a1Una experiencia inolvidable te espera!","og_url":"https:\/\/wavvy.club\/en\/product\/avistamiento-de-cetaceos-en-tenerife-barco-60\/","og_site_name":"Wavvy Club","article_modified_time":"2025-05-06T17:09:38+00:00","og_image":[{"width":800,"height":479,"url":"https:\/\/wavvy.club\/wp-content\/uploads\/2024\/06\/opera-60.2-1-scaled.jpg","type":"image\/jpeg"}],"twitter_card":"summary_large_image","twitter_misc":{"Estimated reading time":"1 minute"},"schema":{"@context":"https:\/\/schema.org","@graph":[{"@type":"WebPage","@id":"https:\/\/wavvy.club\/producto\/avistamiento-de-cetaceos-en-tenerife-barco-60\/","url":"https:\/\/wavvy.club\/producto\/avistamiento-de-cetaceos-en-tenerife-barco-60\/","name":"Avistamiento de cet\u00e1ceos en Tenerife - Barco 60 | Wavvy Club","isPartOf":{"@id":"https:\/\/wavvy.club\/#website"},"primaryImageOfPage":{"@id":"https:\/\/wavvy.club\/producto\/avistamiento-de-cetaceos-en-tenerife-barco-60\/#primaryimage"},"image":{"@id":"https:\/\/wavvy.club\/producto\/avistamiento-de-cetaceos-en-tenerife-barco-60\/#primaryimage"},"thumbnailUrl":"https:\/\/wavvy.club\/wp-content\/uploads\/2024\/06\/opera-60.2-1-scaled.jpg","datePublished":"2024-05-19T17:22:33+00:00","dateModified":"2025-05-06T17:09:38+00:00","breadcrumb":{"@id":"https:\/\/wavvy.club\/producto\/avistamiento-de-cetaceos-en-tenerife-barco-60\/#breadcrumb"},"inLanguage":"en-GB","potentialAction":[{"@type":"ReadAction","target":["https:\/\/wavvy.club\/producto\/avistamiento-de-cetaceos-en-tenerife-barco-60\/"]}]},{"@type":"ImageObject","inLanguage":"en-GB","@id":"https:\/\/wavvy.club\/producto\/avistamiento-de-cetaceos-en-tenerife-barco-60\/#primaryimage","url":"https:\/\/wavvy.club\/wp-content\/uploads\/2024\/06\/opera-60.2-1-scaled.jpg","contentUrl":"https:\/\/wavvy.club\/wp-content\/uploads\/2024\/06\/opera-60.2-1-scaled.jpg","width":800,"height":479,"caption":"excursion en barco en tenerife"},{"@type":"BreadcrumbList","@id":"https:\/\/wavvy.club\/producto\/avistamiento-de-cetaceos-en-tenerife-barco-60\/#breadcrumb","itemListElement":[{"@type":"ListItem","position":1,"name":"Portada","item":"https:\/\/wavvy.club\/"},{"@type":"ListItem","position":2,"name":"Tienda","item":"https:\/\/wavvy.club\/en\/tienda\/"},{"@type":"ListItem","position":3,"name":"Avistamiento de cet\u00e1ceos en Tenerife &#8211; Barco 60"}]},{"@type":"WebSite","@id":"https:\/\/wavvy.club\/#website","url":"https:\/\/wavvy.club\/","name":"Wavvy Club","description":"planifica tus vacaciones","publisher":{"@id":"https:\/\/wavvy.club\/#organization"},"potentialAction":[{"@type":"SearchAction","target":{"@type":"EntryPoint","urlTemplate":"https:\/\/wavvy.club\/?s={search_term_string}"},"query-input":{"@type":"PropertyValueSpecification","valueRequired":true,"valueName":"search_term_string"}}],"inLanguage":"en-GB"},{"@type":"Organization","@id":"https:\/\/wavvy.club\/#organization","name":"Wavvy Club","url":"https:\/\/wavvy.club\/","logo":{"@type":"ImageObject","inLanguage":"en-GB","@id":"https:\/\/wavvy.club\/#\/schema\/logo\/image\/","url":"https:\/\/wavvy.club\/wp-content\/uploads\/2024\/08\/Wavvy-Club-Logo-Color.png","contentUrl":"https:\/\/wavvy.club\/wp-content\/uploads\/2024\/08\/Wavvy-Club-Logo-Color.png","width":1080,"height":640,"caption":"Wavvy Club"},"image":{"@id":"https:\/\/wavvy.club\/#\/schema\/logo\/image\/"}}]}},"jetpack_sharing_enabled":true,"_links":{"self":[{"href":"https:\/\/wavvy.club\/en\/wp-json\/wp\/v2\/product\/1401","targetHints":{"allow":["GET"]}}],"collection":[{"href":"https:\/\/wavvy.club\/en\/wp-json\/wp\/v2\/product"}],"about":[{"href":"https:\/\/wavvy.club\/en\/wp-json\/wp\/v2\/types\/product"}],"replies":[{"embeddable":true,"href":"https:\/\/wavvy.club\/en\/wp-json\/wp\/v2\/comments?post=1401"}],"wp:featuredmedia":[{"embeddable":true,"href":"https:\/\/wavvy.club\/en\/wp-json\/wp\/v2\/media\/1852"}],"wp:attachment":[{"href":"https:\/\/wavvy.club\/en\/wp-json\/wp\/v2\/media?parent=1401"}],"wp:term":[{"taxonomy":"product_brand","embeddable":true,"href":"https:\/\/wavvy.club\/en\/wp-json\/wp\/v2\/product_brand?post=1401"},{"taxonomy":"product_cat","embeddable":true,"href":"https:\/\/wavvy.club\/en\/wp-json\/wp\/v2\/product_cat?post=1401"},{"taxonomy":"product_tag","embeddable":true,"href":"https:\/\/wavvy.club\/en\/wp-json\/wp\/v2\/product_tag?post=1401"}],"curies":[{"name":"wp","href":"https:\/\/api.w.org\/{rel}","templated":true}]}}