{"id":146,"date":"2024-05-18T15:48:56","date_gmt":"2024-05-18T14:48:56","guid":{"rendered":"https:\/\/wavvy.club\/?page_id=146"},"modified":"2024-07-07T11:06:38","modified_gmt":"2024-07-07T10:06:38","slug":"reembolso_devoluciones","status":"publish","type":"page","link":"https:\/\/wavvy.club\/en\/reembolso_devoluciones\/","title":{"rendered":"Return and Refund Policy"},"content":{"rendered":"[et_pb_section fb_built=\u00bb1&#8243; _builder_version=\u00bb4.25.1&#8243; _module_preset=\u00bbdefault\u00bb width=\u00bb100%\u00bb max_width=\u00bb100%\u00bb module_alignment=\u00bbcenter\u00bb global_colors_info=\u00bb{}\u00bb theme_builder_area=\u00bbpost_content\u00bb][et_pb_row _builder_version=\u00bb4.25.1&#8243; _module_preset=\u00bbdefault\u00bb global_colors_info=\u00bb{}\u00bb theme_builder_area=\u00bbpost_content\u00bb][et_pb_column type=\u00bb4_4&#8243; _builder_version=\u00bb4.25.1&#8243; _module_preset=\u00bbdefault\u00bb global_colors_info=\u00bb{}\u00bb theme_builder_area=\u00bbpost_content\u00bb][et_pb_text _builder_version=\u00bb4.25.2&#8243; _module_preset=\u00bbdefault\u00bb global_colors_info=\u00bb{}\u00bb theme_builder_area=\u00bbpost_content\u00bb]<p><\/p>\n<h2><strong>1. Introducci\u00f3n<\/strong><\/h2>\n<p> <\/p>\n<p>La presente pol\u00edtica de reembolso (en adelante, la \u00abPol\u00edtica\u00bb) regula las condiciones de reembolso aplicables a las reservas de actividades tur\u00edsticas realizadas a trav\u00e9s de la p\u00e1gina web de Wavvy Club (en adelante, el \u00abSitio Web\u00bb).<\/p>\n<p> <\/p>\n<h2><strong>2. Cancelaci\u00f3n por parte del cliente<\/strong><\/h2>\n<ul>\n<ul>\n<li>\n<h6><strong>Plazo de cancelaci\u00f3n:<\/strong><\/h6>\n<p>El plazo de cancelaci\u00f3n var\u00eda seg\u00fan la actividad y se detalla en las caracter\u00edsticas espec\u00edficas de cada una en la p\u00e1gina web. En general, el plazo de cancelaci\u00f3n suele ser de 3 d\u00edas antes de la fecha de la actividad. Para grupos grandes, el plazo de cancelaci\u00f3n se indicar\u00e1 en el presupuesto y suele estar entre 15 d\u00edas.<\/p>\n<\/li>\n<li><strong style=\"color: rgba(0, 0, 0, 0.75); font-family: Oswald, Helvetica, Arial, Lucida, sans-serif; font-size: 16px; letter-spacing: 0.5px; text-transform: uppercase;\">Reembolso:<\/strong>\n<p><strong style=\"font-size: 14px; color: rgba(0, 0, 0, 0.75); font-family: Oswald, Helvetica, Arial, Lucida, sans-serif; letter-spacing: 0.5px; text-transform: uppercase;\"> Cancelaci\u00f3n dentro del plazo:<br \/><\/strong><strong style=\"font-size: 14px; color: rgba(0, 0, 0, 0.75); font-family: Oswald, Helvetica, Arial, Lucida, sans-serif; letter-spacing: 0.5px; text-transform: uppercase;\"><\/strong>En caso de cancelaci\u00f3n dentro del plazo establecido, se reembolsar\u00e1 el 100% del importe abonado en la reserva.<\/p>\n<p><strong style=\"font-size: 14px; color: rgba(0, 0, 0, 0.75); font-family: Oswald, Helvetica, Arial, Lucida, sans-serif; letter-spacing: 0.5px; text-transform: uppercase;\">Cancelaci\u00f3n fuera del plazo:<br \/><\/strong><strong style=\"color: rgba(0, 0, 0, 0.75); font-family: Oswald, Helvetica, Arial, Lucida, sans-serif; font-size: 14px; letter-spacing: 0.5px; text-transform: uppercase;\"><\/strong>En caso de cancelaci\u00f3n fuera de plazo, no se reembolsar\u00e1 la se\u00f1al de reserva.<\/p>\n<p><strong style=\"color: rgba(0, 0, 0, 0.75); font-family: Oswald, Helvetica, Arial, Lucida, sans-serif; letter-spacing: 0.5px; text-transform: uppercase;\"><\/strong><strong style=\"color: rgba(0, 0, 0, 0.75); font-family: Oswald, Helvetica, Arial, Lucida, sans-serif; letter-spacing: 0.5px; text-transform: uppercase;\">Cambio de fecha:<br \/><\/strong>En caso de no poder asistir a la actividad el d\u00eda acordado, podr\u00e1 optar por las siguientes opciones: <\/p>\n<p><strong style=\"font-size: 14px; color: rgba(0, 0, 0, 0.75); font-family: Oswald, Helvetica, Arial, Lucida, sans-serif; letter-spacing: 0.5px; text-transform: uppercase;\">RE-PROGRAMAR la fecha de la actividad:<br \/><\/strong>Se podr\u00e1 re-programar la fecha de la actividad sin coste adicional, siempre que haya disponibilidad y dentro del mismo a\u00f1o natural.<\/p>\n<p><strong style=\"color: rgba(0, 0, 0, 0.75); font-family: Oswald, Helvetica, Arial, Lucida, sans-serif; font-size: 14px; letter-spacing: 0.5px; text-transform: uppercase;\">Cambiar por otra actividad:<br \/><\/strong>Se podr\u00e1 cambiar la actividad por otra similar, siempre que haya disponibilidad y dentro del mismo a\u00f1o natural.<\/p>\n<p><strong style=\"color: rgba(0, 0, 0, 0.75); font-family: Oswald, Helvetica, Arial, Lucida, sans-serif; font-size: 14px; letter-spacing: 0.5px; text-transform: uppercase;\">Reembolso del importe abonado en la reserva en forma de vale para usar en la p\u00e1gina web para cualquiera de los productos disponibles en la misma.<br \/><\/strong>Dicho vale tendr\u00e1 una validez de 4 meses desde el d\u00eda de emisi\u00f3n.<\/p>\n<p><strong style=\"color: rgba(0, 0, 0, 0.75); font-family: Oswald, Helvetica, Arial, Lucida, sans-serif; font-size: 16px; letter-spacing: 0.5px; text-transform: uppercase;\"><\/strong><\/p>\n<\/li>\n<li><strong style=\"color: rgba(0, 0, 0, 0.75); font-family: Oswald, Helvetica, Arial, Lucida, sans-serif; font-size: 16px; letter-spacing: 0.5px; text-transform: uppercase;\">Procedimiento de solicitud de reembolso:<br \/><\/strong>Para realizar cualquier cambio \u00f3 cancelaci\u00f3n p\u00f3ngase en contacto al correo reembolso@wavvy.club<\/li>\n<\/ul>\n<\/ul>\n<p><\/p>\n<p><!-- \/wp:post-content --> <!-- wp:paragraph --><\/p>\n<h2><strong>3. Cancelaci\u00f3n por parte de Wavvy Club<\/strong><\/h2>\n<p><!-- \/wp:paragraph --> <!-- wp:paragraph --><\/p>\n<p>Si la cancelaci\u00f3n \u00f3 reprogramaci\u00f3n de la actividad fuera por parte del proveedor, el cliente puede optar por las siguientes opciones:<\/p>\n<h5><strong>Reprogramar la fecha de la actividad:<br \/><\/strong><\/h5>\n<p>Se podr\u00e1 reprogramar la fecha de la actividad sin coste adicional, siempre que haya disponibilidad y dentro del mismo a\u00f1o natural.<\/p>\n<h5><strong>Cambiar por otra actividad:<\/strong><\/h5>\n<p><strong><\/strong>Se podr\u00e1 cambiar la actividad por otra similar, siempre que haya disponibilidad y dentro del mismo a\u00f1o natural.<\/p>\n<h5><strong>Reembolso del importe abonado en la reserva:<\/strong><\/h5>\n<p>Se reembolsar\u00e1 el 100% del importe abonado en la reserva.<\/p>\n<ul><\/ul>\n<p><!-- \/wp:paragraph --><\/p>\n<p><!-- \/wp:list --> <!-- wp:paragraph --><\/p>\n<h2><strong>4. Causas de fuerza mayor<\/strong><\/h2>\n<p><!-- \/wp:paragraph --> <!-- wp:paragraph --><\/p>\n<p>Wavvy Club no se responsabiliza de los da\u00f1os o perjuicios que puedan derivarse de fen\u00f3menos meteorol\u00f3gicos, cat\u00e1strofes naturales o cualquier otra causa de fuerza mayor. En caso de que una actividad se cancele por causa de fuerza mayor, se podr\u00e1 optar por las siguientes opciones:<\/p>\n<h5><strong>Reprogramar la fecha de la actividad:<\/strong> <\/h5>\n<p>Se podr\u00e1 reprogramar la fecha de la actividad sin coste adicional, siempre que haya disponibilidad y dentro del mismo a\u00f1o natural.<\/p>\n<h5><strong>Cambiar por otra actividad:<\/strong><\/h5>\n<p>Se podr\u00e1 cambiar la actividad por otra similar, siempre que haya disponibilidad y dentro del mismo a\u00f1o natural.<\/p>\n<h5><strong>Reembolso del importe abonado en la reserva:<\/strong><\/h5>\n<p>Se reembolsar\u00e1 el 100% del importe abonado en la reserva.<\/p>\n<h2><strong>5. Informaci\u00f3n adicional<\/strong><\/h2>\n<p><!-- \/wp:list-item --><\/p>\n<p><!-- \/wp:paragraph --> <!-- wp:paragraph --><\/p>\n<p>Para cualquier duda o aclaraci\u00f3n sobre la Pol\u00edtica de Reembolso, puede ponerse en contacto con Wavvy Club a trav\u00e9s del correo electr\u00f3nico reembolso@wavvy.club<\/p>\n<p><!-- \/wp:paragraph --> <!-- wp:paragraph --><\/p>\n<h2><strong>6. Legislaci\u00f3n aplicable<\/strong><\/h2>\n<p><!-- \/wp:paragraph --> <!-- wp:paragraph --><\/p>\n<p>La presente Pol\u00edtica se rige e interpreta de acuerdo con la legislaci\u00f3n espa\u00f1ola vigente.<\/p>\n<p><!-- \/wp:paragraph --> <!-- wp:paragraph --><\/p>\n<h2><strong>7. Modificaciones<\/strong><\/h2>\n<p><!-- \/wp:paragraph --> <!-- wp:paragraph --><\/p>\n<p>Wavvy Club se reserva el derecho a modificar la presente Pol\u00edtica en cualquier momento. Las modificaciones se publicar\u00e1n en el Sitio Web y entrar\u00e1n en vigor a partir de su publicaci\u00f3n.<\/p>\n<p><!-- \/wp:paragraph --> <!-- wp:paragraph --><\/p>\n<h2><strong>8. Aceptaci\u00f3n<\/strong><\/h2>\n<p><!-- \/wp:paragraph --> <!-- wp:paragraph --><\/p>\n<p>La utilizaci\u00f3n del Sitio Web implica la aceptaci\u00f3n plena y sin reservas de la presente Pol\u00edtica.<\/p>\n<p><!-- \/wp:paragraph --><\/p>[\/et_pb_text][\/et_pb_column][\/et_pb_row][\/et_pb_section]","protected":false},"excerpt":{"rendered":"<p>1. Introducci\u00f3n La presente pol\u00edtica de reembolso (en adelante, la \u00abPol\u00edtica\u00bb) regula las condiciones de reembolso aplicables a las reservas de actividades tur\u00edsticas realizadas a trav\u00e9s de la p\u00e1gina web de Wavvy Club (en adelante, el \u00abSitio Web\u00bb). 2. Cancelaci\u00f3n por parte del cliente Plazo de cancelaci\u00f3n: El plazo de cancelaci\u00f3n var\u00eda seg\u00fan la actividad [&hellip;]<\/p>\n","protected":false},"author":1,"featured_media":0,"parent":0,"menu_order":0,"comment_status":"closed","ping_status":"closed","template":"","meta":{"_et_pb_use_builder":"on","_et_pb_old_content":"","_et_gb_content_width":"1280","footnotes":""},"difl_page_category":[],"class_list":["post-146","page","type-page","status-publish","hentry"],"yoast_head":"<!-- This site is optimized with the Yoast SEO plugin v27.5 - https:\/\/yoast.com\/product\/yoast-seo-wordpress\/ -->\n<title>Pol\u00edtica de devoluci\u00f3n y reembolso | Wavvy Club<\/title>\n<meta name=\"robots\" content=\"index, follow, max-snippet:-1, max-image-preview:large, max-video-preview:-1\" \/>\n<link rel=\"canonical\" href=\"https:\/\/wavvy.club\/en\/reembolso_devoluciones\/\" \/>\n<meta property=\"og:locale\" content=\"en_GB\" \/>\n<meta property=\"og:type\" content=\"article\" \/>\n<meta property=\"og:title\" content=\"Pol\u00edtica de devoluci\u00f3n y reembolso | Wavvy Club\" \/>\n<meta property=\"og:description\" content=\"1. Introducci\u00f3n La presente pol\u00edtica de reembolso (en adelante, la &quot;Pol\u00edtica&quot;) regula las condiciones de reembolso aplicables a las reservas de actividades tur\u00edsticas realizadas a trav\u00e9s de la p\u00e1gina web de Wavvy Club (en adelante, el &quot;Sitio Web&quot;). 2. Cancelaci\u00f3n por parte del cliente Plazo de cancelaci\u00f3n: El plazo de cancelaci\u00f3n var\u00eda seg\u00fan la actividad [&hellip;]\" \/>\n<meta property=\"og:url\" content=\"https:\/\/wavvy.club\/en\/reembolso_devoluciones\/\" \/>\n<meta property=\"og:site_name\" content=\"Wavvy Club\" \/>\n<meta property=\"article:modified_time\" content=\"2024-07-07T10:06:38+00:00\" \/>\n<meta name=\"twitter:card\" content=\"summary_large_image\" \/>\n<meta name=\"twitter:label1\" content=\"Estimated reading time\" \/>\n\t<meta name=\"twitter:data1\" content=\"4 minutes\" \/>\n<script type=\"application\/ld+json\" class=\"yoast-schema-graph\">{\"@context\":\"https:\\\/\\\/schema.org\",\"@graph\":[{\"@type\":\"WebPage\",\"@id\":\"https:\\\/\\\/wavvy.club\\\/reembolso_devoluciones\\\/\",\"url\":\"https:\\\/\\\/wavvy.club\\\/reembolso_devoluciones\\\/\",\"name\":\"Pol\u00edtica de devoluci\u00f3n y reembolso | Wavvy Club\",\"isPartOf\":{\"@id\":\"https:\\\/\\\/wavvy.club\\\/#website\"},\"datePublished\":\"2024-05-18T14:48:56+00:00\",\"dateModified\":\"2024-07-07T10:06:38+00:00\",\"breadcrumb\":{\"@id\":\"https:\\\/\\\/wavvy.club\\\/reembolso_devoluciones\\\/#breadcrumb\"},\"inLanguage\":\"en-GB\",\"potentialAction\":[{\"@type\":\"ReadAction\",\"target\":[\"https:\\\/\\\/wavvy.club\\\/reembolso_devoluciones\\\/\"]}]},{\"@type\":\"BreadcrumbList\",\"@id\":\"https:\\\/\\\/wavvy.club\\\/reembolso_devoluciones\\\/#breadcrumb\",\"itemListElement\":[{\"@type\":\"ListItem\",\"position\":1,\"name\":\"Portada\",\"item\":\"https:\\\/\\\/wavvy.club\\\/\"},{\"@type\":\"ListItem\",\"position\":2,\"name\":\"Pol\u00edtica de devoluci\u00f3n y reembolso\"}]},{\"@type\":\"WebSite\",\"@id\":\"https:\\\/\\\/wavvy.club\\\/#website\",\"url\":\"https:\\\/\\\/wavvy.club\\\/\",\"name\":\"Wavvy Club\",\"description\":\"planifica tus vacaciones\",\"publisher\":{\"@id\":\"https:\\\/\\\/wavvy.club\\\/#organization\"},\"potentialAction\":[{\"@type\":\"SearchAction\",\"target\":{\"@type\":\"EntryPoint\",\"urlTemplate\":\"https:\\\/\\\/wavvy.club\\\/?s={search_term_string}\"},\"query-input\":{\"@type\":\"PropertyValueSpecification\",\"valueRequired\":true,\"valueName\":\"search_term_string\"}}],\"inLanguage\":\"en-GB\"},{\"@type\":\"Organization\",\"@id\":\"https:\\\/\\\/wavvy.club\\\/#organization\",\"name\":\"Wavvy Club\",\"url\":\"https:\\\/\\\/wavvy.club\\\/\",\"logo\":{\"@type\":\"ImageObject\",\"inLanguage\":\"en-GB\",\"@id\":\"https:\\\/\\\/wavvy.club\\\/#\\\/schema\\\/logo\\\/image\\\/\",\"url\":\"https:\\\/\\\/wavvy.club\\\/wp-content\\\/uploads\\\/2024\\\/08\\\/Wavvy-Club-Logo-Color.png\",\"contentUrl\":\"https:\\\/\\\/wavvy.club\\\/wp-content\\\/uploads\\\/2024\\\/08\\\/Wavvy-Club-Logo-Color.png\",\"width\":1080,\"height\":640,\"caption\":\"Wavvy Club\"},\"image\":{\"@id\":\"https:\\\/\\\/wavvy.club\\\/#\\\/schema\\\/logo\\\/image\\\/\"}}]}<\/script>\n<!-- \/ Yoast SEO plugin. -->","yoast_head_json":{"title":"Pol\u00edtica de devoluci\u00f3n y reembolso | Wavvy Club","robots":{"index":"index","follow":"follow","max-snippet":"max-snippet:-1","max-image-preview":"max-image-preview:large","max-video-preview":"max-video-preview:-1"},"canonical":"https:\/\/wavvy.club\/en\/reembolso_devoluciones\/","og_locale":"en_GB","og_type":"article","og_title":"Pol\u00edtica de devoluci\u00f3n y reembolso | Wavvy Club","og_description":"1. Introducci\u00f3n La presente pol\u00edtica de reembolso (en adelante, la \"Pol\u00edtica\") regula las condiciones de reembolso aplicables a las reservas de actividades tur\u00edsticas realizadas a trav\u00e9s de la p\u00e1gina web de Wavvy Club (en adelante, el \"Sitio Web\"). 2. Cancelaci\u00f3n por parte del cliente Plazo de cancelaci\u00f3n: El plazo de cancelaci\u00f3n var\u00eda seg\u00fan la actividad [&hellip;]","og_url":"https:\/\/wavvy.club\/en\/reembolso_devoluciones\/","og_site_name":"Wavvy Club","article_modified_time":"2024-07-07T10:06:38+00:00","twitter_card":"summary_large_image","twitter_misc":{"Estimated reading time":"4 minutes"},"schema":{"@context":"https:\/\/schema.org","@graph":[{"@type":"WebPage","@id":"https:\/\/wavvy.club\/reembolso_devoluciones\/","url":"https:\/\/wavvy.club\/reembolso_devoluciones\/","name":"Pol\u00edtica de devoluci\u00f3n y reembolso | Wavvy Club","isPartOf":{"@id":"https:\/\/wavvy.club\/#website"},"datePublished":"2024-05-18T14:48:56+00:00","dateModified":"2024-07-07T10:06:38+00:00","breadcrumb":{"@id":"https:\/\/wavvy.club\/reembolso_devoluciones\/#breadcrumb"},"inLanguage":"en-GB","potentialAction":[{"@type":"ReadAction","target":["https:\/\/wavvy.club\/reembolso_devoluciones\/"]}]},{"@type":"BreadcrumbList","@id":"https:\/\/wavvy.club\/reembolso_devoluciones\/#breadcrumb","itemListElement":[{"@type":"ListItem","position":1,"name":"Portada","item":"https:\/\/wavvy.club\/"},{"@type":"ListItem","position":2,"name":"Pol\u00edtica de devoluci\u00f3n y reembolso"}]},{"@type":"WebSite","@id":"https:\/\/wavvy.club\/#website","url":"https:\/\/wavvy.club\/","name":"Wavvy Club","description":"planifica tus vacaciones","publisher":{"@id":"https:\/\/wavvy.club\/#organization"},"potentialAction":[{"@type":"SearchAction","target":{"@type":"EntryPoint","urlTemplate":"https:\/\/wavvy.club\/?s={search_term_string}"},"query-input":{"@type":"PropertyValueSpecification","valueRequired":true,"valueName":"search_term_string"}}],"inLanguage":"en-GB"},{"@type":"Organization","@id":"https:\/\/wavvy.club\/#organization","name":"Wavvy Club","url":"https:\/\/wavvy.club\/","logo":{"@type":"ImageObject","inLanguage":"en-GB","@id":"https:\/\/wavvy.club\/#\/schema\/logo\/image\/","url":"https:\/\/wavvy.club\/wp-content\/uploads\/2024\/08\/Wavvy-Club-Logo-Color.png","contentUrl":"https:\/\/wavvy.club\/wp-content\/uploads\/2024\/08\/Wavvy-Club-Logo-Color.png","width":1080,"height":640,"caption":"Wavvy Club"},"image":{"@id":"https:\/\/wavvy.club\/#\/schema\/logo\/image\/"}}]}},"jetpack_sharing_enabled":true,"_links":{"self":[{"href":"https:\/\/wavvy.club\/en\/wp-json\/wp\/v2\/pages\/146","targetHints":{"allow":["GET"]}}],"collection":[{"href":"https:\/\/wavvy.club\/en\/wp-json\/wp\/v2\/pages"}],"about":[{"href":"https:\/\/wavvy.club\/en\/wp-json\/wp\/v2\/types\/page"}],"author":[{"embeddable":true,"href":"https:\/\/wavvy.club\/en\/wp-json\/wp\/v2\/users\/1"}],"replies":[{"embeddable":true,"href":"https:\/\/wavvy.club\/en\/wp-json\/wp\/v2\/comments?post=146"}],"version-history":[{"count":9,"href":"https:\/\/wavvy.club\/en\/wp-json\/wp\/v2\/pages\/146\/revisions"}],"predecessor-version":[{"id":2008,"href":"https:\/\/wavvy.club\/en\/wp-json\/wp\/v2\/pages\/146\/revisions\/2008"}],"wp:attachment":[{"href":"https:\/\/wavvy.club\/en\/wp-json\/wp\/v2\/media?parent=146"}],"wp:term":[{"taxonomy":"difl_page_category","embeddable":true,"href":"https:\/\/wavvy.club\/en\/wp-json\/wp\/v2\/difl_page_category?post=146"}],"curies":[{"name":"wp","href":"https:\/\/api.w.org\/{rel}","templated":true}]}}