{"id":1278,"date":"2024-05-18T15:59:56","date_gmt":"2024-05-18T14:59:56","guid":{"rendered":"https:\/\/wavvy.club\/?page_id=1278"},"modified":"2024-07-07T11:24:56","modified_gmt":"2024-07-07T10:24:56","slug":"politica-de-cookies","status":"publish","type":"page","link":"https:\/\/wavvy.club\/en\/politica-de-cookies\/","title":{"rendered":"Cookies policy"},"content":{"rendered":"[et_pb_section fb_built=\u00bb1&#8243; _builder_version=\u00bb4.25.1&#8243; _module_preset=\u00bbdefault\u00bb global_colors_info=\u00bb{}\u00bb theme_builder_area=\u00bbpost_content\u00bb][et_pb_row _builder_version=\u00bb4.25.1&#8243; _module_preset=\u00bbdefault\u00bb global_colors_info=\u00bb{}\u00bb theme_builder_area=\u00bbpost_content\u00bb][et_pb_column type=\u00bb4_4&#8243; _builder_version=\u00bb4.25.1&#8243; _module_preset=\u00bbdefault\u00bb global_colors_info=\u00bb{}\u00bb theme_builder_area=\u00bbpost_content\u00bb][et_pb_text _builder_version=\u00bb4.25.2&#8243; _module_preset=\u00bbdefault\u00bb hover_enabled=\u00bb0&#8243; global_colors_info=\u00bb{}\u00bb theme_builder_area=\u00bbpost_content\u00bb sticky_enabled=\u00bb0&#8243;]<p><\/p>\n<p><strong>Fecha de entrada en vigor: 17 de mayo del 2024<\/strong><\/p>\n<p> <\/p>\n<p>En Wavvy Club, utilizamos cookies y tecnolog\u00edas similares para mejorar la experiencia de los usuarios en nuestro sitio web, www.wavvy.club. Esta Pol\u00edtica de Cookies explica qu\u00e9 son las cookies, c\u00f3mo las utilizamos, y las opciones que tienes en relaci\u00f3n con ellas.<\/p>\n<p> <\/p>\n<h2><strong>1. \u00bfQu\u00e9 son las cookies?<\/strong><\/h2>\n<p> <\/p>\n<p>Las cookies son peque\u00f1os archivos de texto que se almacenan en tu dispositivo (ordenador, tel\u00e9fono m\u00f3vil, tableta) cuando visitas un sitio web. Las cookies permiten que un sitio web reconozca el dispositivo del usuario y recuerde informaci\u00f3n sobre su visita, como las preferencias y acciones anteriores.<\/p>\n<p> <\/p>\n<h2><strong>2. Tipos de cookies que utilizamos<\/strong><\/h2>\n<p> <\/p>\n<p>Utilizamos los siguientes tipos de cookies en nuestro sitio web:<\/p>\n<h5><strong>Cookies esenciales:<\/strong><\/h5>\n<p><strong><\/strong>Estas cookies son necesarias para el funcionamiento b\u00e1sico del sitio web. Sin estas cookies, el sitio no funcionar\u00e1 correctamente.<\/p>\n<p> <\/p>\n<h5>Cookies de rendimiento:<\/h5>\n<p>Estas cookies recopilan informaci\u00f3n sobre c\u00f3mo los visitantes utilizan nuestro sitio web, como las p\u00e1ginas que visitan con m\u00e1s frecuencia. Esta informaci\u00f3n nos ayuda a mejorar el rendimiento del sitio web.<\/p>\n<p> <\/p>\n<h5>Cookies funcionales:<\/h5>\n<p>Estas cookies permiten que el sitio web recuerde las elecciones que realizas (como tu nombre de usuario, idioma o regi\u00f3n) y proporcionan caracter\u00edsticas mejoradas y m\u00e1s personales.<\/p>\n<p> <\/p>\n<h5>Cookies de publicidad y marketing:<\/h5>\n<p>Estas cookies se utilizan para entregar anuncios relevantes para ti y tus intereses. Tambi\u00e9n limitan el n\u00famero de veces que ves un anuncio y ayudan a medir la efectividad de las campa\u00f1as publicitarias.<\/p>\n<p> <\/p>\n<h5>Cookies de rendimiento y anal\u00edticas:<\/h5>\n<p>Cada vez que un Usuario visita una Web o Servicio, una herramienta de un proveedor externo (Google Analytics y similares) genera una cookie anal\u00edtica en el dispositivo del usuario. Esta cookie que s\u00f3lo se genera en la visita, servir\u00e1 en pr\u00f3ximas visitas para identificar de forma an\u00f3nima al visitante. Los objetivos principales que se persiguen son:<\/p>\n<p><\/p>\n<p><!-- \/wp:post-content --> <!-- wp:paragraph --><\/p>\n<p>Permitir la identificaci\u00f3n an\u00f3nima de los usuarios navegantes a trav\u00e9s de la \u201cCookie\u201d (identifica navegadores y dispositivos, no personas) y por lo tanto la contabilizaci\u00f3n aproximada del n\u00famero de visitantes y su tendencia en el tiempo.<\/p>\n<p><!-- \/wp:paragraph --> <!-- wp:paragraph --><\/p>\n<p>Identificar de forma an\u00f3nima los contenidos m\u00e1s visitados y por lo tanto m\u00e1s atractivos para los usuarios<\/p>\n<p><!-- \/wp:paragraph --> <!-- wp:paragraph --><\/p>\n<p>Saber si el usuario que est\u00e1 accediendo es nuevo o repite visita.<\/p>\n<p><!-- \/wp:paragraph --> <!-- wp:paragraph --><\/p>\n<h2><strong>3. \u00bfC\u00f3mo utilizamos las cookies?<\/strong><\/h2>\n<p><!-- \/wp:paragraph --> <!-- wp:paragraph --><\/p>\n<h5>Utilizamos cookies para los siguientes prop\u00f3sitos:<\/h5>\n<ul>\n<li>Mejorar la funcionalidad y el rendimiento del sitio web.<\/li>\n<li><!-- \/wp:paragraph --> <!-- wp:list-item -->Recordar tus preferencias y configuraciones.<\/li>\n<li><!-- \/wp:list-item --> <!-- wp:list-item -->Realizar an\u00e1lisis y estudios estad\u00edsticos sobre el uso del sitio web.<\/li>\n<li><!-- \/wp:list-item --> <!-- wp:list-item -->Ofrecer contenido personalizado y publicidad relevante.<\/li>\n<\/ul>\n<p><!-- \/wp:list-item --><\/p>\n<p><!-- \/wp:list --> <!-- wp:paragraph --><\/p>\n<h2><strong>4. Gesti\u00f3n de cookies<\/strong><\/h2>\n<p><!-- \/wp:paragraph --> <!-- wp:paragraph --><\/p>\n<p>Puedes controlar y gestionar las cookies de varias maneras. Ten en cuenta que eliminar o bloquear las cookies puede afectar negativamente tu experiencia de usuario y partes del sitio web pueden dejar de funcionar.<\/p>\n<p><!-- \/wp:paragraph --> <!-- wp:paragraph --><\/p>\n<p>La mayor\u00eda de navegadores actualmente permiten al usuario configurar si desean aceptar cookies y cu\u00e1les de ellas. Estos ajustes normalmente se encuentran en las \u2018opciones\u2019 o \u2018Preferencias\u2019 del men\u00fa de su navegador.<\/p>\n<p><!-- \/wp:paragraph --> <!-- wp:paragraph --><\/p>\n<p>Estas son las instrucciones para configurar las cookies en los principales navegadores, estas instrucciones son orientativas pudiendo ser cambiadas en cualquier momento por los responsables de los mismos:<\/p>\n<p><strong>Chrome:<\/strong> Configuraci\u00f3n -&gt; Mostrar opciones avanzadas -&gt; Privacidad -&gt; Configuraci\u00f3n de contenido. Para m\u00e1s informaci\u00f3n, puede consultar el soporte de Google o la Ayuda del navegador.<\/p>\n<p><!-- \/wp:list-item --> <!-- wp:list-item --><\/p>\n<p><strong>Firefox:<\/strong> Herramientas -&gt; Opciones -&gt; Privacidad -&gt; Historial -&gt; Configuraci\u00f3n Personalizada. Para m\u00e1s informaci\u00f3n, puede consultar el soporte de Mozilla o la Ayuda del navegador.<\/p>\n<p><!-- \/wp:list-item --> <!-- wp:list-item --><\/p>\n<p><strong>Internet Explorer:<\/strong> Herramientas -&gt; Opciones de Internet -&gt; Privacidad -&gt; Configuraci\u00f3n. Para m\u00e1s informaci\u00f3n, puede consultar el soporte de Microsoft o la Ayuda del navegador.<\/p>\n<p><!-- \/wp:list-item --> <!-- wp:list-item --><\/p>\n<p><strong>Safari:<\/strong> Preferencias -&gt; Seguridad. Para m\u00e1s informaci\u00f3n, puede consultar el soporte de Apple o la Ayuda del navegador.<\/p>\n<p><!-- \/wp:list-item --><\/p>\n<p><!-- \/wp:list --> <!-- wp:paragraph --><\/p>\n<h2><strong>5. Consentimiento para el uso de cookies<\/strong><\/h2>\n<p><!-- \/wp:paragraph --> <!-- wp:paragraph --><\/p>\n<p>Al utilizar nuestro sitio web, aceptas el uso de cookies de acuerdo con esta Pol\u00edtica de Cookies. Si no est\u00e1s de acuerdo con el uso de cookies, te recomendamos ajustar la configuraci\u00f3n de tu navegador o no utilizar nuestro sitio web.<\/p>\n<p><!-- \/wp:paragraph --> <!-- wp:paragraph --><\/p>\n<h2>6. Cambios en la Pol\u00edtica de Cookies<\/h2>\n<p>Nos reservamos el derecho de modificar esta Pol\u00edtica de Cookies en cualquier momento. Cualquier cambio ser\u00e1 publicado en esta p\u00e1gina y se indicar\u00e1 la fecha de la \u00faltima actualizaci\u00f3n. Te recomendamos revisar esta p\u00e1gina peri\u00f3dicamente para estar al tanto de cualquier cambio.<\/p>\n<p><!-- \/wp:paragraph --> <!-- wp:paragraph --><\/p>\n<h2><strong>7. Contacto<\/strong><\/h2>\n<p>Si tienes alguna pregunta sobre nuestra Pol\u00edtica de Cookies, puedes contactarnos a trav\u00e9s de nuestro formulario de contacto ubicado en el apartado de contacto en el men\u00fa de la cabecera.<\/p>\n<p><!-- \/wp:paragraph --> <!-- wp:paragraph --><\/p>\n<p><strong>Fecha de \u00faltima actualizaci\u00f3n: 17 de mayo del 2024.<\/strong><\/p>\n<p><!-- \/wp:paragraph --><\/p>[\/et_pb_text][\/et_pb_column][\/et_pb_row][\/et_pb_section]","protected":false},"excerpt":{"rendered":"<p>Fecha de entrada en vigor: 17 de mayo del 2024 En Wavvy Club, utilizamos cookies y tecnolog\u00edas similares para mejorar la experiencia de los usuarios en nuestro sitio web, www.wavvy.club. Esta Pol\u00edtica de Cookies explica qu\u00e9 son las cookies, c\u00f3mo las utilizamos, y las opciones que tienes en relaci\u00f3n con ellas. 1. \u00bfQu\u00e9 son las [&hellip;]<\/p>\n","protected":false},"author":1,"featured_media":0,"parent":0,"menu_order":0,"comment_status":"closed","ping_status":"closed","template":"","meta":{"_et_pb_use_builder":"on","_et_pb_old_content":"","_et_gb_content_width":"1280","footnotes":""},"difl_page_category":[],"class_list":["post-1278","page","type-page","status-publish","hentry"],"yoast_head":"<!-- This site is optimized with the Yoast SEO plugin v27.5 - https:\/\/yoast.com\/product\/yoast-seo-wordpress\/ -->\n<title>Pol\u00edtica de cookies | Wavvy Club<\/title>\n<meta name=\"robots\" content=\"index, follow, max-snippet:-1, max-image-preview:large, max-video-preview:-1\" \/>\n<link rel=\"canonical\" href=\"https:\/\/wavvy.club\/en\/politica-de-cookies\/\" \/>\n<meta property=\"og:locale\" content=\"en_GB\" \/>\n<meta property=\"og:type\" content=\"article\" \/>\n<meta property=\"og:title\" content=\"Pol\u00edtica de cookies | Wavvy Club\" \/>\n<meta property=\"og:description\" content=\"Fecha de entrada en vigor: 17 de mayo del 2024 En Wavvy Club, utilizamos cookies y tecnolog\u00edas similares para mejorar la experiencia de los usuarios en nuestro sitio web, www.wavvy.club. Esta Pol\u00edtica de Cookies explica qu\u00e9 son las cookies, c\u00f3mo las utilizamos, y las opciones que tienes en relaci\u00f3n con ellas. 1. \u00bfQu\u00e9 son las [&hellip;]\" \/>\n<meta property=\"og:url\" content=\"https:\/\/wavvy.club\/en\/politica-de-cookies\/\" \/>\n<meta property=\"og:site_name\" content=\"Wavvy Club\" \/>\n<meta property=\"article:modified_time\" content=\"2024-07-07T10:24:56+00:00\" \/>\n<meta name=\"twitter:card\" content=\"summary_large_image\" \/>\n<meta name=\"twitter:label1\" content=\"Estimated reading time\" \/>\n\t<meta name=\"twitter:data1\" content=\"4 minutes\" \/>\n<script type=\"application\/ld+json\" class=\"yoast-schema-graph\">{\"@context\":\"https:\\\/\\\/schema.org\",\"@graph\":[{\"@type\":\"WebPage\",\"@id\":\"https:\\\/\\\/wavvy.club\\\/politica-de-cookies\\\/\",\"url\":\"https:\\\/\\\/wavvy.club\\\/politica-de-cookies\\\/\",\"name\":\"Pol\u00edtica de cookies | Wavvy Club\",\"isPartOf\":{\"@id\":\"https:\\\/\\\/wavvy.club\\\/#website\"},\"datePublished\":\"2024-05-18T14:59:56+00:00\",\"dateModified\":\"2024-07-07T10:24:56+00:00\",\"breadcrumb\":{\"@id\":\"https:\\\/\\\/wavvy.club\\\/politica-de-cookies\\\/#breadcrumb\"},\"inLanguage\":\"en-GB\",\"potentialAction\":[{\"@type\":\"ReadAction\",\"target\":[\"https:\\\/\\\/wavvy.club\\\/politica-de-cookies\\\/\"]}]},{\"@type\":\"BreadcrumbList\",\"@id\":\"https:\\\/\\\/wavvy.club\\\/politica-de-cookies\\\/#breadcrumb\",\"itemListElement\":[{\"@type\":\"ListItem\",\"position\":1,\"name\":\"Portada\",\"item\":\"https:\\\/\\\/wavvy.club\\\/\"},{\"@type\":\"ListItem\",\"position\":2,\"name\":\"Pol\u00edtica de cookies\"}]},{\"@type\":\"WebSite\",\"@id\":\"https:\\\/\\\/wavvy.club\\\/#website\",\"url\":\"https:\\\/\\\/wavvy.club\\\/\",\"name\":\"Wavvy Club\",\"description\":\"planifica tus vacaciones\",\"publisher\":{\"@id\":\"https:\\\/\\\/wavvy.club\\\/#organization\"},\"potentialAction\":[{\"@type\":\"SearchAction\",\"target\":{\"@type\":\"EntryPoint\",\"urlTemplate\":\"https:\\\/\\\/wavvy.club\\\/?s={search_term_string}\"},\"query-input\":{\"@type\":\"PropertyValueSpecification\",\"valueRequired\":true,\"valueName\":\"search_term_string\"}}],\"inLanguage\":\"en-GB\"},{\"@type\":\"Organization\",\"@id\":\"https:\\\/\\\/wavvy.club\\\/#organization\",\"name\":\"Wavvy Club\",\"url\":\"https:\\\/\\\/wavvy.club\\\/\",\"logo\":{\"@type\":\"ImageObject\",\"inLanguage\":\"en-GB\",\"@id\":\"https:\\\/\\\/wavvy.club\\\/#\\\/schema\\\/logo\\\/image\\\/\",\"url\":\"https:\\\/\\\/wavvy.club\\\/wp-content\\\/uploads\\\/2024\\\/08\\\/Wavvy-Club-Logo-Color.png\",\"contentUrl\":\"https:\\\/\\\/wavvy.club\\\/wp-content\\\/uploads\\\/2024\\\/08\\\/Wavvy-Club-Logo-Color.png\",\"width\":1080,\"height\":640,\"caption\":\"Wavvy Club\"},\"image\":{\"@id\":\"https:\\\/\\\/wavvy.club\\\/#\\\/schema\\\/logo\\\/image\\\/\"}}]}<\/script>\n<!-- \/ Yoast SEO plugin. -->","yoast_head_json":{"title":"Pol\u00edtica de cookies | Wavvy Club","robots":{"index":"index","follow":"follow","max-snippet":"max-snippet:-1","max-image-preview":"max-image-preview:large","max-video-preview":"max-video-preview:-1"},"canonical":"https:\/\/wavvy.club\/en\/politica-de-cookies\/","og_locale":"en_GB","og_type":"article","og_title":"Pol\u00edtica de cookies | Wavvy Club","og_description":"Fecha de entrada en vigor: 17 de mayo del 2024 En Wavvy Club, utilizamos cookies y tecnolog\u00edas similares para mejorar la experiencia de los usuarios en nuestro sitio web, www.wavvy.club. Esta Pol\u00edtica de Cookies explica qu\u00e9 son las cookies, c\u00f3mo las utilizamos, y las opciones que tienes en relaci\u00f3n con ellas. 1. \u00bfQu\u00e9 son las [&hellip;]","og_url":"https:\/\/wavvy.club\/en\/politica-de-cookies\/","og_site_name":"Wavvy Club","article_modified_time":"2024-07-07T10:24:56+00:00","twitter_card":"summary_large_image","twitter_misc":{"Estimated reading time":"4 minutes"},"schema":{"@context":"https:\/\/schema.org","@graph":[{"@type":"WebPage","@id":"https:\/\/wavvy.club\/politica-de-cookies\/","url":"https:\/\/wavvy.club\/politica-de-cookies\/","name":"Pol\u00edtica de cookies | Wavvy Club","isPartOf":{"@id":"https:\/\/wavvy.club\/#website"},"datePublished":"2024-05-18T14:59:56+00:00","dateModified":"2024-07-07T10:24:56+00:00","breadcrumb":{"@id":"https:\/\/wavvy.club\/politica-de-cookies\/#breadcrumb"},"inLanguage":"en-GB","potentialAction":[{"@type":"ReadAction","target":["https:\/\/wavvy.club\/politica-de-cookies\/"]}]},{"@type":"BreadcrumbList","@id":"https:\/\/wavvy.club\/politica-de-cookies\/#breadcrumb","itemListElement":[{"@type":"ListItem","position":1,"name":"Portada","item":"https:\/\/wavvy.club\/"},{"@type":"ListItem","position":2,"name":"Pol\u00edtica de cookies"}]},{"@type":"WebSite","@id":"https:\/\/wavvy.club\/#website","url":"https:\/\/wavvy.club\/","name":"Wavvy Club","description":"planifica tus vacaciones","publisher":{"@id":"https:\/\/wavvy.club\/#organization"},"potentialAction":[{"@type":"SearchAction","target":{"@type":"EntryPoint","urlTemplate":"https:\/\/wavvy.club\/?s={search_term_string}"},"query-input":{"@type":"PropertyValueSpecification","valueRequired":true,"valueName":"search_term_string"}}],"inLanguage":"en-GB"},{"@type":"Organization","@id":"https:\/\/wavvy.club\/#organization","name":"Wavvy Club","url":"https:\/\/wavvy.club\/","logo":{"@type":"ImageObject","inLanguage":"en-GB","@id":"https:\/\/wavvy.club\/#\/schema\/logo\/image\/","url":"https:\/\/wavvy.club\/wp-content\/uploads\/2024\/08\/Wavvy-Club-Logo-Color.png","contentUrl":"https:\/\/wavvy.club\/wp-content\/uploads\/2024\/08\/Wavvy-Club-Logo-Color.png","width":1080,"height":640,"caption":"Wavvy Club"},"image":{"@id":"https:\/\/wavvy.club\/#\/schema\/logo\/image\/"}}]}},"jetpack_sharing_enabled":true,"_links":{"self":[{"href":"https:\/\/wavvy.club\/en\/wp-json\/wp\/v2\/pages\/1278","targetHints":{"allow":["GET"]}}],"collection":[{"href":"https:\/\/wavvy.club\/en\/wp-json\/wp\/v2\/pages"}],"about":[{"href":"https:\/\/wavvy.club\/en\/wp-json\/wp\/v2\/types\/page"}],"author":[{"embeddable":true,"href":"https:\/\/wavvy.club\/en\/wp-json\/wp\/v2\/users\/1"}],"replies":[{"embeddable":true,"href":"https:\/\/wavvy.club\/en\/wp-json\/wp\/v2\/comments?post=1278"}],"version-history":[{"count":4,"href":"https:\/\/wavvy.club\/en\/wp-json\/wp\/v2\/pages\/1278\/revisions"}],"predecessor-version":[{"id":2009,"href":"https:\/\/wavvy.club\/en\/wp-json\/wp\/v2\/pages\/1278\/revisions\/2009"}],"wp:attachment":[{"href":"https:\/\/wavvy.club\/en\/wp-json\/wp\/v2\/media?parent=1278"}],"wp:term":[{"taxonomy":"difl_page_category","embeddable":true,"href":"https:\/\/wavvy.club\/en\/wp-json\/wp\/v2\/difl_page_category?post=1278"}],"curies":[{"name":"wp","href":"https:\/\/api.w.org\/{rel}","templated":true}]}}